{"id":60650,"date":"2019-01-15T15:31:17","date_gmt":"2019-01-15T15:31:17","guid":{"rendered":"http:\/\/bkp-berolina.de\/unternehmen\/"},"modified":"2021-03-25T08:14:17","modified_gmt":"2021-03-25T08:14:17","slug":"about-us","status":"publish","type":"page","link":"https:\/\/bkp-berolina.de\/en\/about-us\/","title":{"rendered":"About us"},"content":{"rendered":"<div class=\"wpb-content-wrapper\"><p>[vc_row equal_height=&#8221;yes&#8221; content_placement=&#8221;middle&#8221; bg_type=&#8221;image&#8221; parallax_style=&#8221;vcpb-vz-jquery&#8221; bg_image_new=&#8221;id^56948|url^http:\/\/bkp-berolina.de\/wp-content\/uploads\/2019\/02\/Standort-Velten.jpg|caption^null|alt^null|title^Standort Velten|description^null&#8221; bg_image_repeat=&#8221;no-repeat&#8221; bg_override=&#8221;ex-full&#8221; enable_overlay=&#8221;enable_overlay_value&#8221; overlay_color=&#8221;rgba(7,59,76,0.9)&#8221; overlay_pattern=&#8221;transperant&#8221; css=&#8221;.vc_custom_1553174220400{margin-top: 50px !important;padding-top: 80px !important;padding-bottom: 80px !important;}&#8221;][vc_column]<div id=\"ultimate-heading-69169d4ee0a48517\" class=\"uvc-heading ult-adjust-bottom-margin ultimate-heading-69169d4ee0a48517 uvc-9495 \" data-hspacer=\"line_with_icon\" data-hline_width=\"120\" data-hicon_type=\"custom\" data-hborder_style=\"solid\" data-hborder_height=\"3\" data-hborder_color=\"#0099a1\" data-icon_width=\"30\" data-hfixer=\"10\"  data-halign=\"center\" style=\"text-align:center\"><div class=\"uvc-main-heading ult-responsive\"  data-ultimate-target='.uvc-heading.ultimate-heading-69169d4ee0a48517 h1'  data-responsive-json-new='{\"font-size\":\"desktop:54px;mobile_landscape:34px;\",\"line-height\":\"desktop:64px;mobile_landscape:44px;\"}' ><h1 style=\"font-weight:bold;color:#ffffff;\">About us<\/h1><\/div><div class=\"uvc-heading-spacer line_with_icon\" style=\"margin-bottom:30px;\"><div class=\"ult-just-icon-wrapper  \"><div class=\"align-icon\" style=\"text-align:center;\">\n<div class=\"aio-icon-img \" style=\"font-size:30px;display:inline-block;\" >\n\t<img decoding=\"async\" class=\"img-icon\" alt=\"null\" src=\"https:\/\/bkp-berolina.de\/wp-content\/uploads\/2019\/01\/Logo-Liner.png\"\/>\n<\/div><\/div><\/div><\/div><\/div>[vc_row_inner equal_height=&#8221;yes&#8221; gap=&#8221;20&#8243; css=&#8221;.vc_custom_1551267086394{padding-right: 25px !important;padding-left: 25px !important;}&#8221;][vc_column_inner width=&#8221;1\/3&#8243; css=&#8221;.vc_custom_1546956970677{border-top-width: 3px !important;border-right-width: 3px !important;border-bottom-width: 3px !important;border-left-width: 3px !important;padding-top: 30px !important;padding-right: 30px !important;padding-bottom: 30px !important;padding-left: 30px !important;border-left-color: #0099a1 !important;border-left-style: solid !important;border-right-color: #0099a1 !important;border-right-style: solid !important;border-top-color: #0099a1 !important;border-top-style: solid !important;border-bottom-color: #0099a1 !important;border-bottom-style: solid !important;}&#8221;][vc_single_image image=&#8221;62366&#8243; alignment=&#8221;center&#8221; style=&#8221;vc_box_circle&#8221; onclick=&#8221;custom_link&#8221; css_animation=&#8221;fadeInDown&#8221; link=&#8221;https:\/\/bkp-berolina.de\/en\/contact-persons\/&#8221;]<div class=\"aio-icon-component  vc_custom_1562596597411  accent-icon-color accent-border-color style_1\"><div id=\"Info-box-wrap-9885\" class=\"aio-icon-box top-icon\" style=\"\"  ><div class=\"aio-icon-header\" ><a class=\"aio-icon-box-link\" href=\"https:\/\/bkp-berolina.de\/en\/contact-persons\/\" title=\"Stellenangebote\" ><h3 class=\"aio-icon-title ult-responsive\"  data-ultimate-target='#Info-box-wrap-9885 .aio-icon-title'  data-responsive-json-new='{\"font-size\":\"desktop:26px;tablet:20px;mobile:22px;\",\"line-height\":\"desktop:36px;tablet:30px;mobile:32px;\"}'  style=\"font-weight:bold;color:#ffffff;\">Contact<\/h3><\/a><\/div> <!-- header --><div class=\"aio-icon-description ult-responsive\"  data-ultimate-target='#Info-box-wrap-9885 .aio-icon-description'  data-responsive-json-new='{\"font-size\":\"\",\"line-height\":\"\"}'  style=\"color:#ffffff;\">Here you will find the right partner to help you individually.<\/p>\n<p><a href=\"https:\/\/bkp-berolina.de\/en\/contact-persons\/\">Find out more<\/a><\/div> <!-- description --><\/div> <!-- aio-icon-box --><\/div> <!-- aio-icon-component --><div class=\"hr-thin style-line accent-border-color\" style=\"width: 60px;border-top-width: 3px;\"><\/div>[\/vc_column_inner][vc_column_inner width=&#8221;1\/3&#8243; css=&#8221;.vc_custom_1547197918297{padding-top: 30px !important;padding-right: 30px !important;padding-bottom: 30px !important;padding-left: 30px !important;background-color: #ffffff !important;}&#8221;][vc_single_image image=&#8221;59988&#8243; alignment=&#8221;center&#8221; style=&#8221;vc_box_circle&#8221; onclick=&#8221;custom_link&#8221; css_animation=&#8221;fadeInDown&#8221; link=&#8221;https:\/\/bkp-berolina.de\/en\/about-us\/service\/&#8221;]<div class=\"aio-icon-component  vc_custom_1562596634937  accent-icon-color accent-border-color style_1\"><div id=\"Info-box-wrap-3777\" class=\"aio-icon-box top-icon\" style=\"\"  ><div class=\"aio-icon-header\" ><a class=\"aio-icon-box-link\" href=\"https:\/\/bkp-berolina.de\/en\/about-us\/service\/\" title=\"Eigent\u00fcmerstruktur\" ><h3 class=\"aio-icon-title ult-responsive\"  data-ultimate-target='#Info-box-wrap-3777 .aio-icon-title'  data-responsive-json-new='{\"font-size\":\"desktop:26px;tablet:20px;\",\"line-height\":\"desktop:36px;tablet:30px;\"}'  style=\"font-weight:bold;\">SERVICE &amp; Advice<\/h3><\/a><\/div> <!-- header --><div class=\"aio-icon-description ult-responsive\"  data-ultimate-target='#Info-box-wrap-3777 .aio-icon-description'  data-responsive-json-new='{\"font-size\":\"\",\"line-height\":\"\"}'  style=\"\">We will be pleased to advise you on our products and help you with the planning and design of your projects.<\/p>\n<p><a href=\"https:\/\/bkp-berolina.de\/en\/about-us\/service\/\">Find out more<\/a><\/div> <!-- description --><\/div> <!-- aio-icon-box --><\/div> <!-- aio-icon-component --><div class=\"hr-thin style-line accent-border-color\" style=\"width: 60px;border-top-width: 3px;\"><\/div>[\/vc_column_inner][vc_column_inner width=&#8221;1\/3&#8243; css=&#8221;.vc_custom_1546960030766{border-top-width: 3px !important;border-right-width: 3px !important;border-bottom-width: 3px !important;border-left-width: 3px !important;padding-top: 30px !important;padding-right: 30px !important;padding-bottom: 30px !important;padding-left: 30px !important;border-left-color: #0099a1 !important;border-left-style: solid !important;border-right-color: #0099a1 !important;border-right-style: solid !important;border-top-color: #0099a1 !important;border-top-style: solid !important;border-bottom-color: #0099a1 !important;border-bottom-style: solid !important;}&#8221;][vc_single_image image=&#8221;57799&#8243; alignment=&#8221;center&#8221; style=&#8221;vc_box_circle&#8221; onclick=&#8221;custom_link&#8221; css_animation=&#8221;fadeInDown&#8221; link=&#8221;https:\/\/bkp-berolina.de\/en\/about-us\/history\/&#8221;]<div class=\"aio-icon-component  vc_custom_1574331888288  accent-icon-color accent-border-color style_1\"><div id=\"Info-box-wrap-7160\" class=\"aio-icon-box top-icon\" style=\"\"  ><div class=\"aio-icon-header\" ><a class=\"aio-icon-box-link\" href=\"https:\/\/bkp-berolina.de\/en\/about-us\/history\/\" title=\"Geschichte\" ><h3 class=\"aio-icon-title ult-responsive\"  data-ultimate-target='#Info-box-wrap-7160 .aio-icon-title'  data-responsive-json-new='{\"font-size\":\"desktop:26px;tablet:20px;\",\"line-height\":\"desktop:36px;tablet:30px;\"}'  style=\"font-weight:bold;color:#ffffff;\">History<\/h3><\/a><\/div> <!-- header --><div class=\"aio-icon-description ult-responsive\"  data-ultimate-target='#Info-box-wrap-7160 .aio-icon-description'  data-responsive-json-new='{\"font-size\":\"\",\"line-height\":\"\"}'  style=\"color:#ffffff;\">The journey from the Plastverarbeitungswerk Staaken (Plastic Processing Factory in Staaken) to the internationally operating BKP Berolina Polyester GmbH &amp; Co. KG, lasting over 60 years.<\/p>\n<p><a href=\"https:\/\/bkp-berolina.de\/en\/about-us\/history\/\">Find out more<\/a><\/div> <!-- description --><\/div> <!-- aio-icon-box --><\/div> <!-- aio-icon-component --><div class=\"hr-thin style-line accent-border-color\" style=\"width: 60px;border-top-width: 3px;\"><\/div>[\/vc_column_inner][vc_column_inner width=&#8221;1\/3&#8243; css=&#8221;.vc_custom_1547203758182{margin-right: 3px !important;border-top-width: 3px !important;border-bottom-width: 3px !important;border-left-width: 3px !important;padding-top: 30px !important;padding-right: 30px !important;padding-bottom: 30px !important;padding-left: 30px !important;background-color: #ffffff !important;border-left-color: #ffffff !important;border-left-style: solid !important;border-top-color: #ffffff !important;border-top-style: solid !important;border-bottom-color: #ffffff !important;border-bottom-style: solid !important;}&#8221;][vc_single_image image=&#8221;57805&#8243; alignment=&#8221;center&#8221; style=&#8221;vc_box_circle&#8221; onclick=&#8221;custom_link&#8221; css_animation=&#8221;fadeInDown&#8221; link=&#8221;https:\/\/bkp-berolina.de\/en\/about-us\/careers\/&#8221;]<div class=\"aio-icon-component  vc_custom_1574331903245  accent-icon-color accent-border-color style_1\"><div id=\"Info-box-wrap-7555\" class=\"aio-icon-box top-icon\" style=\"\"  ><div class=\"aio-icon-header\" ><a class=\"aio-icon-box-link\" href=\"https:\/\/bkp-berolina.de\/en\/about-us\/careers\/\" title=\"News\" ><h3 class=\"aio-icon-title ult-responsive\"  data-ultimate-target='#Info-box-wrap-7555 .aio-icon-title'  data-responsive-json-new='{\"font-size\":\"desktop:26px;tablet:20px;mobile:22px;\",\"line-height\":\"desktop:36px;tablet:30px;mobile:32px;\"}'  style=\"font-weight:bold;\">Careers<\/h3><\/a><\/div> <!-- header --><div class=\"aio-icon-description ult-responsive\"  data-ultimate-target='#Info-box-wrap-7555 .aio-icon-description'  data-responsive-json-new='{\"font-size\":\"\",\"line-height\":\"\"}'  style=\"\">Different career options and great development opportunities\u2014apply for one of our vacancies.<\/p>\n<p><a href=\"https:\/\/bkp-berolina.de\/en\/about-us\/careers\/\">Find out more<\/a><\/div> <!-- description --><\/div> <!-- aio-icon-box --><\/div> <!-- aio-icon-component --><div class=\"hr-thin style-line accent-border-color\" style=\"width: 60px;border-top-width: 3px;\"><\/div>[\/vc_column_inner][vc_column_inner width=&#8221;1\/3&#8243; css=&#8221;.vc_custom_1552548265733{border-top-width: 3px !important;border-right-width: 3px !important;border-bottom-width: 3px !important;border-left-width: 3px !important;padding-top: 30px !important;padding-right: 30px !important;padding-bottom: 30px !important;padding-left: 30px !important;border-left-color: #0099a1 !important;border-left-style: solid !important;border-right-color: #0099a1 !important;border-right-style: solid !important;border-top-color: #0099a1 !important;border-top-style: solid !important;border-bottom-color: #0099a1 !important;border-bottom-style: solid !important;}&#8221;][vc_single_image image=&#8221;59493&#8243; alignment=&#8221;center&#8221; style=&#8221;vc_box_circle&#8221; onclick=&#8221;custom_link&#8221; css_animation=&#8221;fadeInDown&#8221; link=&#8221;https:\/\/bkp-berolina.de\/en\/about-us\/trade-show-calendar\/&#8221;]<div class=\"aio-icon-component  vc_custom_1574331931237  accent-icon-color accent-border-color style_1\"><div id=\"Info-box-wrap-9655\" class=\"aio-icon-box top-icon\" style=\"\"  ><div class=\"aio-icon-header\" ><a class=\"aio-icon-box-link\" href=\"https:\/\/bkp-berolina.de\/en\/about-us\/trade-show-calendar\/\" title=\"Geschichte\" ><h3 class=\"aio-icon-title ult-responsive\"  data-ultimate-target='#Info-box-wrap-9655 .aio-icon-title'  data-responsive-json-new='{\"font-size\":\"desktop:26px;tablet:20px;\",\"line-height\":\"desktop:36px;tablet:30px;\"}'  style=\"font-weight:bold;color:#ffffff;\">Trade show calendar<\/h3><\/a><\/div> <!-- header --><div class=\"aio-icon-description ult-responsive\"  data-ultimate-target='#Info-box-wrap-9655 .aio-icon-description'  data-responsive-json-new='{\"font-size\":\"\",\"line-height\":\"\"}'  style=\"color:#ffffff;\">We exhibit worldwide at trade shows and events. Here you can find out where we will soon be near you.<\/p>\n<p><a href=\"https:\/\/bkp-berolina.de\/en\/about-us\/trade-show-calendar\/\">Find out more<\/a><\/div> <!-- description --><\/div> <!-- aio-icon-box --><\/div> <!-- aio-icon-component --><div class=\"hr-thin style-line accent-border-color\" style=\"width: 60px;border-top-width: 3px;\"><\/div>[\/vc_column_inner][vc_column_inner width=&#8221;1\/3&#8243; css=&#8221;.vc_custom_1552548163371{padding-top: 30px !important;padding-right: 30px !important;padding-bottom: 30px !important;padding-left: 30px !important;background-color: #ffffff !important;}&#8221;][vc_single_image image=&#8221;58523&#8243; alignment=&#8221;center&#8221; style=&#8221;vc_box_circle&#8221; onclick=&#8221;custom_link&#8221; css_animation=&#8221;fadeInDown&#8221; link=&#8221;https:\/\/bkp-berolina.de\/en\/about-us\/news\/&#8221;]<div class=\"aio-icon-component  vc_custom_1574331946235  accent-icon-color accent-border-color style_1\"><div id=\"Info-box-wrap-6384\" class=\"aio-icon-box top-icon\" style=\"\"  ><div class=\"aio-icon-header\" ><a class=\"aio-icon-box-link\" href=\"https:\/\/bkp-berolina.de\/en\/about-us\/news\/\" title=\"News\" ><h3 class=\"aio-icon-title ult-responsive\"  data-ultimate-target='#Info-box-wrap-6384 .aio-icon-title'  data-responsive-json-new='{\"font-size\":\"desktop:26px;tablet:20px;\",\"line-height\":\"desktop:36px;tablet:30px;\"}'  style=\"font-weight:bold;\">News<\/h3><\/a><\/div> <!-- header --><div class=\"aio-icon-description ult-responsive\"  data-ultimate-target='#Info-box-wrap-6384 .aio-icon-description'  data-responsive-json-new='{\"font-size\":\"\",\"line-height\":\"\"}'  style=\"\">Here you will find current publications from BKP Berolina such as construction site and project reports and much more.<\/p>\n<p><a href=\"https:\/\/bkp-berolina.de\/en\/about-us\/news\/\">Find out more<\/a><\/div> <!-- description --><\/div> <!-- aio-icon-box --><\/div> <!-- aio-icon-component --><div class=\"hr-thin style-line accent-border-color\" style=\"width: 60px;border-top-width: 3px;\"><\/div>[\/vc_column_inner][\/vc_row_inner][vc_row_inner css=&#8221;.vc_custom_1553169026873{margin-top: 50px !important;margin-bottom: 80px !important;}&#8221;][vc_column_inner]<style type=\"text\/css\" data-type=\"the7_shortcodes-inline-css\">.dt-breadcrumbs-id-9e50ce2e88f1e70b8d61b22febb42939 .breadcrumbs {\n  display: inline-block;\n  margin: 0;\n  padding: 2px 10px 2px 10px;\n  background: #0099a1;\n  border: 0px solid ;\n  border-radius: 0px;\n}\n.dt-breadcrumbs-id-9e50ce2e88f1e70b8d61b22febb42939 .breadcrumbs * {\n  font-weight: bold;\n  color: #ffffff;\n}<\/style><div class=\"dt-breadcrumbs-shortcode dt-breadcrumbs-id-9e50ce2e88f1e70b8d61b22febb42939 align-right\"><div class=\"assistive-text\">You are here:<\/div><ol class=\"breadcrumbs text-small\" itemscope itemtype=\"https:\/\/schema.org\/BreadcrumbList\"><li itemprop=\"itemListElement\" itemscope itemtype=\"https:\/\/schema.org\/ListItem\"><a itemprop=\"item\" href=\"https:\/\/bkp-berolina.de\/en\/\" title=\"Home\"><span itemprop=\"name\">Home<\/span><\/a><meta itemprop=\"position\" content=\"1\" \/><\/li><li class=\"current\" itemprop=\"itemListElement\" itemscope itemtype=\"https:\/\/schema.org\/ListItem\"><span itemprop=\"name\">Page<\/span><meta itemprop=\"position\" content=\"2\" \/><\/li><\/ol><\/div>[\/vc_column_inner][\/vc_row_inner][\/vc_column][\/vc_row][vc_row][vc_column offset=&#8221;vc_hidden-lg vc_hidden-md vc_hidden-sm vc_hidden-xs&#8221;][vc_column_text]Die BKP Berolina Polyester GmbH &amp; Co. KG ist ein Unternehmen mit einer mittlerweile \u00fcber 60-j\u00e4hrigen Geschichte. Auf dieser Seite erhalten Sie einen \u00dcberblick \u00fcber wichtige Teilbereiche der BKP, wie den Anf\u00e4ngen des Plastverarbeitungswerkes bis hin zum heutigen weltweit operierenden Unternehmen. Neben den Ansprechpartnern, der Beratung und der Eigent\u00fcmerstruktur k\u00f6nnen Sie sich von hier aus auch auf die aktuellen Stellenangebote der BKP Berolina navigieren. Anstehende Veranstaltungen k\u00f6nnen Sie dem Messekalender entnehmen, aktuelle Artikel und Ank\u00fcndigungen finden Sie in unserem Newsbereich.[\/vc_column_text][\/vc_column][\/vc_row]<\/p>\n<\/div>","protected":false},"excerpt":{"rendered":"<p>[vc_row equal_height=&#8221;yes&#8221; content_placement=&#8221;middle&#8221; bg_type=&#8221;image&#8221; parallax_style=&#8221;vcpb-vz-jquery&#8221; bg_image_new=&#8221;id^56948|url^http:\/\/bkp-berolina.de\/wp-content\/uploads\/2019\/02\/Standort-Velten.jpg|caption^null|alt^null|title^Standort Velten|description^null&#8221; bg_image_repeat=&#8221;no-repeat&#8221; bg_override=&#8221;ex-full&#8221; enable_overlay=&#8221;enable_overlay_value&#8221; overlay_color=&#8221;rgba(7,59,76,0.9)&#8221; overlay_pattern=&#8221;transperant&#8221; css=&#8221;.vc_custom_1553174220400{margin-top: 50px !important;padding-top: 80px !important;padding-bottom: 80px !important;}&#8221;][vc_column][vc_row_inner equal_height=&#8221;yes&#8221; gap=&#8221;20&#8243; css=&#8221;.vc_custom_1551267086394{padding-right: 25px !important;padding-left: 25px !important;}&#8221;][vc_column_inner width=&#8221;1\/3&#8243; css=&#8221;.vc_custom_1546956970677{border-top-width: 3px !important;border-right-width: 3px !important;border-bottom-width: 3px !important;border-left-width: 3px !important;padding-top: 30px !important;padding-right: 30px !important;padding-bottom: 30px !important;padding-left: 30px !important;border-left-color: #0099a1 !important;border-left-style: solid !important;border-right-color: #0099a1 !important;border-right-style: solid !important;border-top-color: #0099a1 !important;border-top-style: solid&hellip;<\/p>\n","protected":false},"author":1,"featured_media":0,"parent":0,"menu_order":70,"comment_status":"closed","ping_status":"closed","template":"","meta":{"footnotes":""},"class_list":["post-60650","page","type-page","status-publish","hentry","description-off"],"yoast_head":"<!-- This site is optimized with the Yoast SEO plugin v27.3 - https:\/\/yoast.com\/product\/yoast-seo-wordpress\/ -->\n<title>About us - BKP Berolina Polyester GmbH &amp; Co. KG<\/title>\n<meta name=\"robots\" content=\"index, follow, max-snippet:-1, max-image-preview:large, max-video-preview:-1\" \/>\n<link rel=\"canonical\" href=\"https:\/\/bkp-berolina.de\/en\/about-us\/\" \/>\n<meta property=\"og:locale\" content=\"en_US\" \/>\n<meta property=\"og:type\" content=\"article\" \/>\n<meta property=\"og:title\" content=\"About us - BKP Berolina Polyester GmbH &amp; Co. KG\" \/>\n<meta property=\"og:description\" content=\"[vc_row equal_height=&#8221;yes&#8221; content_placement=&#8221;middle&#8221; bg_type=&#8221;image&#8221; parallax_style=&#8221;vcpb-vz-jquery&#8221; bg_image_new=&#8221;id^56948|url^http:\/\/bkp-berolina.de\/wp-content\/uploads\/2019\/02\/Standort-Velten.jpg|caption^null|alt^null|title^Standort Velten|description^null&#8221; bg_image_repeat=&#8221;no-repeat&#8221; bg_override=&#8221;ex-full&#8221; enable_overlay=&#8221;enable_overlay_value&#8221; overlay_color=&#8221;rgba(7,59,76,0.9)&#8221; overlay_pattern=&#8221;transperant&#8221; css=&#8221;.vc_custom_1553174220400{margin-top: 50px !important;padding-top: 80px !important;padding-bottom: 80px !important;}&#8221;][vc_column][vc_row_inner equal_height=&#8221;yes&#8221; gap=&#8221;20&#8243; css=&#8221;.vc_custom_1551267086394{padding-right: 25px !important;padding-left: 25px !important;}&#8221;][vc_column_inner width=&#8221;1\/3&#8243; css=&#8221;.vc_custom_1546956970677{border-top-width: 3px !important;border-right-width: 3px !important;border-bottom-width: 3px !important;border-left-width: 3px !important;padding-top: 30px !important;padding-right: 30px !important;padding-bottom: 30px !important;padding-left: 30px !important;border-left-color: #0099a1 !important;border-left-style: solid !important;border-right-color: #0099a1 !important;border-right-style: solid !important;border-top-color: #0099a1 !important;border-top-style: solid&hellip;\" \/>\n<meta property=\"og:url\" content=\"https:\/\/bkp-berolina.de\/en\/about-us\/\" \/>\n<meta property=\"og:site_name\" content=\"BKP Berolina Polyester GmbH &amp; Co. KG\" \/>\n<meta property=\"article:modified_time\" content=\"2021-03-25T08:14:17+00:00\" \/>\n<meta name=\"twitter:card\" content=\"summary_large_image\" \/>\n<meta name=\"twitter:label1\" content=\"Est. reading time\" \/>\n\t<meta name=\"twitter:data1\" content=\"7 minutes\" \/>\n<script type=\"application\/ld+json\" class=\"yoast-schema-graph\">{\"@context\":\"https:\\\/\\\/schema.org\",\"@graph\":[{\"@type\":\"WebPage\",\"@id\":\"https:\\\/\\\/bkp-berolina.de\\\/en\\\/about-us\\\/\",\"url\":\"https:\\\/\\\/bkp-berolina.de\\\/en\\\/about-us\\\/\",\"name\":\"About us - BKP Berolina Polyester GmbH &amp; Co. KG\",\"isPartOf\":{\"@id\":\"https:\\\/\\\/bkp-berolina.de\\\/en\\\/#website\"},\"datePublished\":\"2019-01-15T15:31:17+00:00\",\"dateModified\":\"2021-03-25T08:14:17+00:00\",\"breadcrumb\":{\"@id\":\"https:\\\/\\\/bkp-berolina.de\\\/en\\\/about-us\\\/#breadcrumb\"},\"inLanguage\":\"en-US\",\"potentialAction\":[{\"@type\":\"ReadAction\",\"target\":[\"https:\\\/\\\/bkp-berolina.de\\\/en\\\/about-us\\\/\"]}]},{\"@type\":\"BreadcrumbList\",\"@id\":\"https:\\\/\\\/bkp-berolina.de\\\/en\\\/about-us\\\/#breadcrumb\",\"itemListElement\":[{\"@type\":\"ListItem\",\"position\":1,\"name\":\"Startseite\",\"item\":\"https:\\\/\\\/bkp-berolina.de\\\/en\\\/\"},{\"@type\":\"ListItem\",\"position\":2,\"name\":\"About us\"}]},{\"@type\":\"WebSite\",\"@id\":\"https:\\\/\\\/bkp-berolina.de\\\/en\\\/#website\",\"url\":\"https:\\\/\\\/bkp-berolina.de\\\/en\\\/\",\"name\":\"BKP Berolina Polyester GmbH &amp; Co. KG\",\"description\":\"\",\"potentialAction\":[{\"@type\":\"SearchAction\",\"target\":{\"@type\":\"EntryPoint\",\"urlTemplate\":\"https:\\\/\\\/bkp-berolina.de\\\/en\\\/?s={search_term_string}\"},\"query-input\":{\"@type\":\"PropertyValueSpecification\",\"valueRequired\":true,\"valueName\":\"search_term_string\"}}],\"inLanguage\":\"en-US\"}]}<\/script>\n<!-- \/ Yoast SEO plugin. -->","yoast_head_json":{"title":"About us - BKP Berolina Polyester GmbH &amp; Co. KG","robots":{"index":"index","follow":"follow","max-snippet":"max-snippet:-1","max-image-preview":"max-image-preview:large","max-video-preview":"max-video-preview:-1"},"canonical":"https:\/\/bkp-berolina.de\/en\/about-us\/","og_locale":"en_US","og_type":"article","og_title":"About us - BKP Berolina Polyester GmbH &amp; Co. KG","og_description":"[vc_row equal_height=&#8221;yes&#8221; content_placement=&#8221;middle&#8221; bg_type=&#8221;image&#8221; parallax_style=&#8221;vcpb-vz-jquery&#8221; bg_image_new=&#8221;id^56948|url^http:\/\/bkp-berolina.de\/wp-content\/uploads\/2019\/02\/Standort-Velten.jpg|caption^null|alt^null|title^Standort Velten|description^null&#8221; bg_image_repeat=&#8221;no-repeat&#8221; bg_override=&#8221;ex-full&#8221; enable_overlay=&#8221;enable_overlay_value&#8221; overlay_color=&#8221;rgba(7,59,76,0.9)&#8221; overlay_pattern=&#8221;transperant&#8221; css=&#8221;.vc_custom_1553174220400{margin-top: 50px !important;padding-top: 80px !important;padding-bottom: 80px !important;}&#8221;][vc_column][vc_row_inner equal_height=&#8221;yes&#8221; gap=&#8221;20&#8243; css=&#8221;.vc_custom_1551267086394{padding-right: 25px !important;padding-left: 25px !important;}&#8221;][vc_column_inner width=&#8221;1\/3&#8243; css=&#8221;.vc_custom_1546956970677{border-top-width: 3px !important;border-right-width: 3px !important;border-bottom-width: 3px !important;border-left-width: 3px !important;padding-top: 30px !important;padding-right: 30px !important;padding-bottom: 30px !important;padding-left: 30px !important;border-left-color: #0099a1 !important;border-left-style: solid !important;border-right-color: #0099a1 !important;border-right-style: solid !important;border-top-color: #0099a1 !important;border-top-style: solid&hellip;","og_url":"https:\/\/bkp-berolina.de\/en\/about-us\/","og_site_name":"BKP Berolina Polyester GmbH &amp; Co. KG","article_modified_time":"2021-03-25T08:14:17+00:00","twitter_card":"summary_large_image","twitter_misc":{"Est. reading time":"7 minutes"},"schema":{"@context":"https:\/\/schema.org","@graph":[{"@type":"WebPage","@id":"https:\/\/bkp-berolina.de\/en\/about-us\/","url":"https:\/\/bkp-berolina.de\/en\/about-us\/","name":"About us - BKP Berolina Polyester GmbH &amp; Co. KG","isPartOf":{"@id":"https:\/\/bkp-berolina.de\/en\/#website"},"datePublished":"2019-01-15T15:31:17+00:00","dateModified":"2021-03-25T08:14:17+00:00","breadcrumb":{"@id":"https:\/\/bkp-berolina.de\/en\/about-us\/#breadcrumb"},"inLanguage":"en-US","potentialAction":[{"@type":"ReadAction","target":["https:\/\/bkp-berolina.de\/en\/about-us\/"]}]},{"@type":"BreadcrumbList","@id":"https:\/\/bkp-berolina.de\/en\/about-us\/#breadcrumb","itemListElement":[{"@type":"ListItem","position":1,"name":"Startseite","item":"https:\/\/bkp-berolina.de\/en\/"},{"@type":"ListItem","position":2,"name":"About us"}]},{"@type":"WebSite","@id":"https:\/\/bkp-berolina.de\/en\/#website","url":"https:\/\/bkp-berolina.de\/en\/","name":"BKP Berolina Polyester GmbH &amp; Co. KG","description":"","potentialAction":[{"@type":"SearchAction","target":{"@type":"EntryPoint","urlTemplate":"https:\/\/bkp-berolina.de\/en\/?s={search_term_string}"},"query-input":{"@type":"PropertyValueSpecification","valueRequired":true,"valueName":"search_term_string"}}],"inLanguage":"en-US"}]}},"_links":{"self":[{"href":"https:\/\/bkp-berolina.de\/en\/wp-json\/wp\/v2\/pages\/60650","targetHints":{"allow":["GET"]}}],"collection":[{"href":"https:\/\/bkp-berolina.de\/en\/wp-json\/wp\/v2\/pages"}],"about":[{"href":"https:\/\/bkp-berolina.de\/en\/wp-json\/wp\/v2\/types\/page"}],"author":[{"embeddable":true,"href":"https:\/\/bkp-berolina.de\/en\/wp-json\/wp\/v2\/users\/1"}],"replies":[{"embeddable":true,"href":"https:\/\/bkp-berolina.de\/en\/wp-json\/wp\/v2\/comments?post=60650"}],"version-history":[{"count":7,"href":"https:\/\/bkp-berolina.de\/en\/wp-json\/wp\/v2\/pages\/60650\/revisions"}],"predecessor-version":[{"id":62790,"href":"https:\/\/bkp-berolina.de\/en\/wp-json\/wp\/v2\/pages\/60650\/revisions\/62790"}],"wp:attachment":[{"href":"https:\/\/bkp-berolina.de\/en\/wp-json\/wp\/v2\/media?parent=60650"}],"curies":[{"name":"wp","href":"https:\/\/api.w.org\/{rel}","templated":true}]}}