{"id":60728,"date":"2019-01-18T11:25:01","date_gmt":"2019-01-18T11:25:01","guid":{"rendered":"http:\/\/bkp-berolina.de\/downloads\/externe-pruefberichte\/"},"modified":"2021-03-25T09:33:24","modified_gmt":"2021-03-25T09:33:24","slug":"external-test-reports","status":"publish","type":"page","link":"https:\/\/bkp-berolina.de\/en\/downloads\/external-test-reports\/","title":{"rendered":"External test reports"},"content":{"rendered":"<div class=\"wpb-content-wrapper\"><p>[vc_row css=&#8221;.vc_custom_1553095998159{margin-top: 50px !important;}&#8221;][vc_column][vc_column_text]<\/p>\n<h2>External test reports<\/h2>\n<p>[\/vc_column_text][\/vc_column][\/vc_row][vc_row css=&#8221;.vc_custom_1553178818368{margin-top: 30px !important;}&#8221;][vc_column][vc_column_text]In addition to the internal tests and inspections, as part of the numerous <a href=\"http:\/\/bkp-berolina.de\/en\/downloads\/product-approvals\/\">national and international approvals<\/a>, the <strong>BKP Berolina<\/strong> is also <strong>monitored by leading external institutes<\/strong> and is audited regularly.[\/vc_column_text][\/vc_column][\/vc_row][vc_row css=&#8221;.vc_custom_1553178825641{margin-top: 30px !important;}&#8221;][vc_column][vc_row_inner equal_height=&#8221;yes&#8221; gap=&#8221;20&#8243;][vc_column_inner width=&#8221;1\/4&#8243; css=&#8221;.vc_custom_1552050173308{padding-top: 30px !important;padding-right: 30px !important;padding-left: 30px !important;background-color: #f7f7f7 !important;}&#8221;][vc_single_image image=&#8221;57649&#8243; img_size=&#8221;full&#8221; css=&#8221;.vc_custom_1587980911102{background-image: url(http:\/\/bkp-berolina.de\/wp-content\/uploads\/2019\/03\/Grundwasserhygienische-Pr\u00fcfung-Externe-Pr\u00fcfberichte.jpg?id=57649) !important;}&#8221;][vc_empty_space][vc_column_text]<strong>Grundwasserhygienische Pr\u00fcfung<\/strong> (2010, German)[\/vc_column_text][vc_empty_space]<div class=\"uavc-list-icon uavc-list-icon-wrapper ult-adjust-bottom-margin   \"><ul class=\"uavc-list\"><li><div class=\"uavc-list-content\" id=\"list-icon-wrap-6309\">\n<div class=\"uavc-list-icon  \" data-animation=\"\" data-animation-delay=\"03\" style=\"margin-right:10px;\"><div class=\"ult-just-icon-wrapper  \"><div class=\"align-icon\" style=\"text-align:center;\">\n<div class=\"aio-icon none \"  style=\"font-size:16px;display:inline-block;\">\n\t<i class=\"Defaults-file-pdf-o\"><\/i>\n<\/div><\/div><\/div>\n<\/div><span  data-ultimate-target='#list-icon-wrap-6309 .uavc-list-desc'  data-responsive-json-new='{\"font-size\":\"\",\"line-height\":\"\"}'  class=\"uavc-list-desc ult-responsive\" style=\"\"><a href=\"http:\/\/bkp-berolina.de\/wp-content\/uploads\/2019\/03\/Pruefbericht_HY_Grundwasserhyg_Sicht_2010-1.pdf\" target=\"_blank\" rel=\"noopener noreferrer\">Download<\/a><\/p>\n<p><\/span><\/div><\/li><\/ul><\/div>[\/vc_column_inner][vc_column_inner width=&#8221;1\/4&#8243; css=&#8221;.vc_custom_1552050180409{padding-top: 30px !important;padding-right: 30px !important;padding-left: 30px !important;background-color: #f7f7f7 !important;}&#8221;][vc_single_image image=&#8221;57655&#8243; img_size=&#8221;full&#8221; css=&#8221;.vc_custom_1552049762299{background-image: url(http:\/\/bkp-berolina.de\/wp-content\/uploads\/2019\/03\/Grundwasserhygienische-Pr\u00fcfung-Externe-Pr\u00fcfberichte.jpg?id=57649) !important;}&#8221;][vc_empty_space][vc_column_text]<strong>Hochdruckreinigungspr\u00fcfungen &#8211; DIN 19523<\/strong> (2012, German)[\/vc_column_text][vc_empty_space]<div class=\"uavc-list-icon uavc-list-icon-wrapper ult-adjust-bottom-margin   \"><ul class=\"uavc-list\"><li><div class=\"uavc-list-content\" id=\"list-icon-wrap-4144\">\n<div class=\"uavc-list-icon  \" data-animation=\"\" data-animation-delay=\"03\" style=\"margin-right:10px;\"><div class=\"ult-just-icon-wrapper  \"><div class=\"align-icon\" style=\"text-align:center;\">\n<div class=\"aio-icon none \"  style=\"font-size:16px;display:inline-block;\">\n\t<i class=\"Defaults-file-pdf-o\"><\/i>\n<\/div><\/div><\/div>\n<\/div><span  data-ultimate-target='#list-icon-wrap-4144 .uavc-list-desc'  data-responsive-json-new='{\"font-size\":\"\",\"line-height\":\"\"}'  class=\"uavc-list-desc ult-responsive\" style=\"\"><a href=\"https:\/\/bkp-berolina.de\/wp-content\/uploads\/2019\/06\/2012-Hochdruckreinigungspruefungen.pdf\" target=\"_blank\" rel=\"noopener noreferrer\">Download<\/a><\/span><\/div><\/li><\/ul><\/div>[\/vc_column_inner][\/vc_row_inner][\/vc_column][\/vc_row][vc_row css=&#8221;.vc_custom_1553095882838{margin-top: 50px !important;margin-bottom: 50px !important;}&#8221;][vc_column]<style type=\"text\/css\" data-type=\"the7_shortcodes-inline-css\">.dt-breadcrumbs-id-9e50ce2e88f1e70b8d61b22febb42939 .breadcrumbs {\n  display: inline-block;\n  margin: 0;\n  padding: 2px 10px 2px 10px;\n  background: #0099a1;\n  border: 0px solid ;\n  border-radius: 0px;\n}\n.dt-breadcrumbs-id-9e50ce2e88f1e70b8d61b22febb42939 .breadcrumbs * {\n  font-weight: bold;\n  color: #ffffff;\n}<\/style><div class=\"dt-breadcrumbs-shortcode dt-breadcrumbs-id-9e50ce2e88f1e70b8d61b22febb42939 align-right\"><div class=\"assistive-text\">You are here:<\/div><ol class=\"breadcrumbs text-small\" itemscope itemtype=\"https:\/\/schema.org\/BreadcrumbList\"><li itemprop=\"itemListElement\" itemscope itemtype=\"https:\/\/schema.org\/ListItem\"><a itemprop=\"item\" href=\"https:\/\/bkp-berolina.de\/en\/\" title=\"Home\"><span itemprop=\"name\">Home<\/span><\/a><meta itemprop=\"position\" content=\"1\" \/><\/li><li class=\"current\" itemprop=\"itemListElement\" itemscope itemtype=\"https:\/\/schema.org\/ListItem\"><span itemprop=\"name\">Page<\/span><meta itemprop=\"position\" content=\"2\" \/><\/li><\/ol><\/div>[\/vc_column][\/vc_row]<\/p>\n<\/div>","protected":false},"excerpt":{"rendered":"<p>[vc_row css=&#8221;.vc_custom_1553095998159{margin-top: 50px !important;}&#8221;][vc_column][vc_column_text] External test reports [\/vc_column_text][\/vc_column][\/vc_row][vc_row css=&#8221;.vc_custom_1553178818368{margin-top: 30px !important;}&#8221;][vc_column][vc_column_text]In addition to the internal tests and inspections, as part of the numerous national and international approvals, the BKP Berolina is also monitored by leading external institutes and is audited regularly.[\/vc_column_text][\/vc_column][\/vc_row][vc_row css=&#8221;.vc_custom_1553178825641{margin-top: 30px !important;}&#8221;][vc_column][vc_row_inner equal_height=&#8221;yes&#8221; gap=&#8221;20&#8243;][vc_column_inner width=&#8221;1\/4&#8243; css=&#8221;.vc_custom_1552050173308{padding-top: 30px !important;padding-right: 30px !important;padding-left: 30px !important;background-color: #f7f7f7&hellip;<\/p>\n","protected":false},"author":1,"featured_media":0,"parent":60726,"menu_order":0,"comment_status":"closed","ping_status":"closed","template":"","meta":{"footnotes":""},"class_list":["post-60728","page","type-page","status-publish","hentry","description-off"],"yoast_head":"<!-- This site is optimized with the Yoast SEO plugin v27.3 - https:\/\/yoast.com\/product\/yoast-seo-wordpress\/ -->\n<title>External test reports - BKP Berolina Polyester GmbH &amp; Co. KG<\/title>\n<meta name=\"robots\" content=\"index, follow, max-snippet:-1, max-image-preview:large, max-video-preview:-1\" \/>\n<link rel=\"canonical\" href=\"https:\/\/bkp-berolina.de\/en\/downloads\/external-test-reports\/\" \/>\n<meta property=\"og:locale\" content=\"en_US\" \/>\n<meta property=\"og:type\" content=\"article\" \/>\n<meta property=\"og:title\" content=\"External test reports - BKP Berolina Polyester GmbH &amp; Co. KG\" \/>\n<meta property=\"og:description\" content=\"[vc_row css=&#8221;.vc_custom_1553095998159{margin-top: 50px !important;}&#8221;][vc_column][vc_column_text] External test reports [\/vc_column_text][\/vc_column][\/vc_row][vc_row css=&#8221;.vc_custom_1553178818368{margin-top: 30px !important;}&#8221;][vc_column][vc_column_text]In addition to the internal tests and inspections, as part of the numerous national and international approvals, the BKP Berolina is also monitored by leading external institutes and is audited regularly.[\/vc_column_text][\/vc_column][\/vc_row][vc_row css=&#8221;.vc_custom_1553178825641{margin-top: 30px !important;}&#8221;][vc_column][vc_row_inner equal_height=&#8221;yes&#8221; gap=&#8221;20&#8243;][vc_column_inner width=&#8221;1\/4&#8243; css=&#8221;.vc_custom_1552050173308{padding-top: 30px !important;padding-right: 30px !important;padding-left: 30px !important;background-color: #f7f7f7&hellip;\" \/>\n<meta property=\"og:url\" content=\"https:\/\/bkp-berolina.de\/en\/downloads\/external-test-reports\/\" \/>\n<meta property=\"og:site_name\" content=\"BKP Berolina Polyester GmbH &amp; Co. KG\" \/>\n<meta property=\"article:modified_time\" content=\"2021-03-25T09:33:24+00:00\" \/>\n<meta name=\"twitter:card\" content=\"summary_large_image\" \/>\n<meta name=\"twitter:label1\" content=\"Est. reading time\" \/>\n\t<meta name=\"twitter:data1\" content=\"2 minutes\" \/>\n<script type=\"application\/ld+json\" class=\"yoast-schema-graph\">{\"@context\":\"https:\\\/\\\/schema.org\",\"@graph\":[{\"@type\":\"WebPage\",\"@id\":\"https:\\\/\\\/bkp-berolina.de\\\/en\\\/downloads\\\/external-test-reports\\\/\",\"url\":\"https:\\\/\\\/bkp-berolina.de\\\/en\\\/downloads\\\/external-test-reports\\\/\",\"name\":\"External test reports - BKP Berolina Polyester GmbH &amp; Co. KG\",\"isPartOf\":{\"@id\":\"https:\\\/\\\/bkp-berolina.de\\\/en\\\/#website\"},\"datePublished\":\"2019-01-18T11:25:01+00:00\",\"dateModified\":\"2021-03-25T09:33:24+00:00\",\"breadcrumb\":{\"@id\":\"https:\\\/\\\/bkp-berolina.de\\\/en\\\/downloads\\\/external-test-reports\\\/#breadcrumb\"},\"inLanguage\":\"en-US\",\"potentialAction\":[{\"@type\":\"ReadAction\",\"target\":[\"https:\\\/\\\/bkp-berolina.de\\\/en\\\/downloads\\\/external-test-reports\\\/\"]}]},{\"@type\":\"BreadcrumbList\",\"@id\":\"https:\\\/\\\/bkp-berolina.de\\\/en\\\/downloads\\\/external-test-reports\\\/#breadcrumb\",\"itemListElement\":[{\"@type\":\"ListItem\",\"position\":1,\"name\":\"Startseite\",\"item\":\"https:\\\/\\\/bkp-berolina.de\\\/en\\\/\"},{\"@type\":\"ListItem\",\"position\":2,\"name\":\"Downloads\",\"item\":\"https:\\\/\\\/bkp-berolina.de\\\/en\\\/downloads\\\/\"},{\"@type\":\"ListItem\",\"position\":3,\"name\":\"External test reports\"}]},{\"@type\":\"WebSite\",\"@id\":\"https:\\\/\\\/bkp-berolina.de\\\/en\\\/#website\",\"url\":\"https:\\\/\\\/bkp-berolina.de\\\/en\\\/\",\"name\":\"BKP Berolina Polyester GmbH &amp; Co. KG\",\"description\":\"\",\"potentialAction\":[{\"@type\":\"SearchAction\",\"target\":{\"@type\":\"EntryPoint\",\"urlTemplate\":\"https:\\\/\\\/bkp-berolina.de\\\/en\\\/?s={search_term_string}\"},\"query-input\":{\"@type\":\"PropertyValueSpecification\",\"valueRequired\":true,\"valueName\":\"search_term_string\"}}],\"inLanguage\":\"en-US\"}]}<\/script>\n<!-- \/ Yoast SEO plugin. -->","yoast_head_json":{"title":"External test reports - BKP Berolina Polyester GmbH &amp; Co. KG","robots":{"index":"index","follow":"follow","max-snippet":"max-snippet:-1","max-image-preview":"max-image-preview:large","max-video-preview":"max-video-preview:-1"},"canonical":"https:\/\/bkp-berolina.de\/en\/downloads\/external-test-reports\/","og_locale":"en_US","og_type":"article","og_title":"External test reports - BKP Berolina Polyester GmbH &amp; Co. KG","og_description":"[vc_row css=&#8221;.vc_custom_1553095998159{margin-top: 50px !important;}&#8221;][vc_column][vc_column_text] External test reports [\/vc_column_text][\/vc_column][\/vc_row][vc_row css=&#8221;.vc_custom_1553178818368{margin-top: 30px !important;}&#8221;][vc_column][vc_column_text]In addition to the internal tests and inspections, as part of the numerous national and international approvals, the BKP Berolina is also monitored by leading external institutes and is audited regularly.[\/vc_column_text][\/vc_column][\/vc_row][vc_row css=&#8221;.vc_custom_1553178825641{margin-top: 30px !important;}&#8221;][vc_column][vc_row_inner equal_height=&#8221;yes&#8221; gap=&#8221;20&#8243;][vc_column_inner width=&#8221;1\/4&#8243; css=&#8221;.vc_custom_1552050173308{padding-top: 30px !important;padding-right: 30px !important;padding-left: 30px !important;background-color: #f7f7f7&hellip;","og_url":"https:\/\/bkp-berolina.de\/en\/downloads\/external-test-reports\/","og_site_name":"BKP Berolina Polyester GmbH &amp; Co. KG","article_modified_time":"2021-03-25T09:33:24+00:00","twitter_card":"summary_large_image","twitter_misc":{"Est. reading time":"2 minutes"},"schema":{"@context":"https:\/\/schema.org","@graph":[{"@type":"WebPage","@id":"https:\/\/bkp-berolina.de\/en\/downloads\/external-test-reports\/","url":"https:\/\/bkp-berolina.de\/en\/downloads\/external-test-reports\/","name":"External test reports - BKP Berolina Polyester GmbH &amp; Co. KG","isPartOf":{"@id":"https:\/\/bkp-berolina.de\/en\/#website"},"datePublished":"2019-01-18T11:25:01+00:00","dateModified":"2021-03-25T09:33:24+00:00","breadcrumb":{"@id":"https:\/\/bkp-berolina.de\/en\/downloads\/external-test-reports\/#breadcrumb"},"inLanguage":"en-US","potentialAction":[{"@type":"ReadAction","target":["https:\/\/bkp-berolina.de\/en\/downloads\/external-test-reports\/"]}]},{"@type":"BreadcrumbList","@id":"https:\/\/bkp-berolina.de\/en\/downloads\/external-test-reports\/#breadcrumb","itemListElement":[{"@type":"ListItem","position":1,"name":"Startseite","item":"https:\/\/bkp-berolina.de\/en\/"},{"@type":"ListItem","position":2,"name":"Downloads","item":"https:\/\/bkp-berolina.de\/en\/downloads\/"},{"@type":"ListItem","position":3,"name":"External test reports"}]},{"@type":"WebSite","@id":"https:\/\/bkp-berolina.de\/en\/#website","url":"https:\/\/bkp-berolina.de\/en\/","name":"BKP Berolina Polyester GmbH &amp; Co. KG","description":"","potentialAction":[{"@type":"SearchAction","target":{"@type":"EntryPoint","urlTemplate":"https:\/\/bkp-berolina.de\/en\/?s={search_term_string}"},"query-input":{"@type":"PropertyValueSpecification","valueRequired":true,"valueName":"search_term_string"}}],"inLanguage":"en-US"}]}},"_links":{"self":[{"href":"https:\/\/bkp-berolina.de\/en\/wp-json\/wp\/v2\/pages\/60728","targetHints":{"allow":["GET"]}}],"collection":[{"href":"https:\/\/bkp-berolina.de\/en\/wp-json\/wp\/v2\/pages"}],"about":[{"href":"https:\/\/bkp-berolina.de\/en\/wp-json\/wp\/v2\/types\/page"}],"author":[{"embeddable":true,"href":"https:\/\/bkp-berolina.de\/en\/wp-json\/wp\/v2\/users\/1"}],"replies":[{"embeddable":true,"href":"https:\/\/bkp-berolina.de\/en\/wp-json\/wp\/v2\/comments?post=60728"}],"version-history":[{"count":3,"href":"https:\/\/bkp-berolina.de\/en\/wp-json\/wp\/v2\/pages\/60728\/revisions"}],"predecessor-version":[{"id":62663,"href":"https:\/\/bkp-berolina.de\/en\/wp-json\/wp\/v2\/pages\/60728\/revisions\/62663"}],"up":[{"embeddable":true,"href":"https:\/\/bkp-berolina.de\/en\/wp-json\/wp\/v2\/pages\/60726"}],"wp:attachment":[{"href":"https:\/\/bkp-berolina.de\/en\/wp-json\/wp\/v2\/media?parent=60728"}],"curies":[{"name":"wp","href":"https:\/\/api.w.org\/{rel}","templated":true}]}}