{"id":61662,"date":"2019-01-30T11:19:42","date_gmt":"2019-01-30T11:19:42","guid":{"rendered":"http:\/\/bkp-berolina.de\/datenschutzerklaerung\/"},"modified":"2021-03-25T09:57:04","modified_gmt":"2021-03-25T09:57:04","slug":"proteccion-de-datos","status":"publish","type":"page","link":"https:\/\/bkp-berolina.de\/es\/proteccion-de-datos\/","title":{"rendered":"Protecci\u00f3n de datos"},"content":{"rendered":"<div class=\"wpb-content-wrapper\"><p>[vc_row css=\u00bb.vc_custom_1553181381923{margin-top: 50px !important;}\u00bb][vc_column][vc_column_text]<\/p>\n<h2>Protecci\u00f3n de datos<\/h2>\n<p>[\/vc_column_text][\/vc_column][\/vc_row][vc_row gap=\u00bb20&#8243; css=\u00bb.vc_custom_1553181423846{margin-top: 30px !important;}\u00bb][vc_column css=\u00bb.vc_custom_1553181466025{padding-top: 30px !important;padding-right: 30px !important;padding-bottom: 30px !important;padding-left: 30px !important;background-color: #f7f7f7 !important;}\u00bb][vc_column_text]La protecci\u00f3n de datos es una cuesti\u00f3n de confianza y su confianza es importante para nosotros. Respetamos su privacidad. La protecci\u00f3n y la recopilaci\u00f3n, el procesamiento y el uso legales de sus datos personales son, por lo tanto, una preocupaci\u00f3n importante para nosotros. Para que pueda sentirse seguro cuando visite nuestro sitio web, respetamos estrictamente las disposiciones legales al procesar sus datos personales y nos gustar\u00eda aprovechar esta oportunidad para informarle sobre c\u00f3mo recopilamos y usamos los datos.<\/p>\n<p>A continuaci\u00f3n, encontrar\u00e1 informaci\u00f3n sobre qu\u00e9 tipo de datos se incluyen y con qu\u00e9 prop\u00f3sito se recopilan.<\/p>\n<p>&nbsp;<\/p>\n<h5>1. Nombre y direcci\u00f3n del controlador de procesamiento de datos<\/h5>\n<p>El Controlador en el sentido del Reglamento General de Protecci\u00f3n de Datos, otras leyes de protecci\u00f3n de datos aplicables de los estados miembros de la Uni\u00f3n Europea y otras disposiciones sobre protecci\u00f3n de datos es:<\/p>\n<p><strong>BKP Berolina Polyester GmbH &amp; Co. KG<\/strong><br \/>\n<strong>Heidering 28<\/strong><br \/>\n<strong>16727 Velten<\/strong><br \/>\n<strong>Alemania<\/strong><\/p>\n<p><strong>Tel.: +49 3304 20 88 100<\/strong><br \/>\n<strong>E-mail: info@bkp-berolina.de<\/strong><br \/>\n<strong>Sitio web: www.bkp-berolina.de<\/strong><\/p>\n<p>&nbsp;<\/p>\n<h5>2. Transferencia de datos \/ registro de datos<\/h5>\n<p>Al visitar este sitio web, el servidor web registra autom\u00e1ticamente los archivos de registro que no pueden asignarse a ninguna persona espec\u00edfica. Estos datos incluyen el tipo y la versi\u00f3n del navegador, el sistema operativo utilizado, la URL de referencia (el sitio visitado anteriormente), la direcci\u00f3n IP del ordenador solicitante, la fecha y hora de acceso de la solicitud del servidor y la solicitud de archivo del cliente (nombre del archivo y URL). Estos datos solo son recopilados con fines de an\u00e1lisis estad\u00edstico. No se divulga ninguna informaci\u00f3n a terceros con fines comerciales o no comerciales.<\/p>\n<p>&nbsp;<\/p>\n<h5>3. Uso de datos personales<\/h5>\n<p>Los datos personales se recopilan o procesan \u00fanicamente si usted suministra esta informaci\u00f3n voluntariamente, por ejemplo, al realizar una consulta. Si no existe ninguna raz\u00f3n esencial relacionada con una transacci\u00f3n comercial, usted puede revocar su consentimiento previamente otorgado para almacenar sus datos personales en cualquier momento que lo desee (por ejemplo, por correo electr\u00f3nico o fax) con efecto inmediato. Sus datos no ser\u00e1n divulgados a terceras partes, a menos que tal divulgaci\u00f3n sea necesaria en base a disposiciones legales.<\/p>\n<p>&nbsp;<\/p>\n<h5>4. Divulgaci\u00f3n, modificaci\u00f3n y eliminaci\u00f3n de sus datos<\/h5>\n<p>De conformidad con la ley aplicable, usted tiene el derecho de preguntarnos por escrito en todo momento si almacenamos datos personales suyos y, de ser as\u00ed, qu\u00e9 datos personales suyos almacenamos. Recibir\u00e1 una respuesta sobre esto sin demora. Tambi\u00e9n tiene derecho a solicitar la rectificaci\u00f3n, el bloqueo o, sin perjuicio del almacenamiento de datos obligatorio para transacciones comerciales, la eliminaci\u00f3n de sus datos personales. Observamos los principios de evitaci\u00f3n de datos y econom\u00eda de datos. Por lo tanto, solo almacenamos sus datos personales durante el tiempo que sea necesario para lograr los fines especificados en este documento o seg\u00fan sea necesario de acuerdo con los diversos per\u00edodos de almacenamiento prescritos por el legislador. Los datos relevantes se bloquean o eliminan de forma rutinaria y de acuerdo con las disposiciones legales, el prop\u00f3sito respectivo o la expiraci\u00f3n de los respectivos plazos.<\/p>\n<p>&nbsp;<\/p>\n<h5>5. Seguridad de sus datos<\/h5>\n<p>Tomamos todas las medidas de seguridad t\u00e9cnicas y organizativas para proteger sus datos personales que nos ha proporcionado de tal manera que terceros no autorizados no puedan acceder a ellos. Al enviar informaci\u00f3n o datos muy confidenciales, es aconsejable hacerlo por correo, ya que la seguridad total de los datos no puede garantizarse por correo electr\u00f3nico.<\/p>\n<p>&nbsp;<\/p>\n<h5>6. Cookies<\/h5>\n<p>En algunas de nuestras p\u00e1ginas, utilizamos las llamadas \u00abcookies de sesi\u00f3n\u00bb para facilitarle el uso de nuestro sitio web. Estos son peque\u00f1os archivos de texto que solo se almacenan en su disco duro durante la duraci\u00f3n de su visita a nuestro sitio web y luego se eliminan al cerrar el navegador, independientemente de la configuraci\u00f3n de su programa. Estas cookies no recopilan ninguna informaci\u00f3n sobre usted que est\u00e9 en su disco duro y no afectan su PC ni sus archivos. La mayor\u00eda de los navegadores est\u00e1n configurados de tal manera que aceptan autom\u00e1ticamente las cookies. Sin embargo, puede desactivar el almacenamiento de cookies o configurar su navegador para que le notifique cuando se env\u00eden cookies.<\/p>\n<p>&nbsp;<\/p>\n<h5>7. YouTube<\/h5>\n<p>Nuestro sitio web utiliza complementos de YouTube para la integraci\u00f3n y presentaci\u00f3n de contenido de v\u00eddeo. El proveedor del portal de v\u00eddeo es YouTube, LLC, 901 Cherry Ave., San Bruno, CA 94066, Estados Unidos.<br \/>\nAl acceder a un sitio web con un complemento de YouTube integrado, se establece una conexi\u00f3n con los servidores de YouTube. De esta manera, YouTube detecta a cu\u00e1l de nuestras p\u00e1ginas ha accedido.<br \/>\nSi ha iniciado sesi\u00f3n en su cuenta de YouTube, entonces YouTube puede atribuir sus h\u00e1bitos de navegaci\u00f3n directamente a su perfil personal. Puede evitar esto cerrando sesi\u00f3n.<br \/>\nYouTube se utiliza en aras de la presentaci\u00f3n efectiva de nuestros servicios en l\u00ednea. Esto representa un inter\u00e9s leg\u00edtimo en el sentido del art\u00edculo 6 (1) (f) del RGPD.<\/p>\n<p>&nbsp;<\/p>\n<h5>8. Google Analytics<\/h5>\n<p>Este sitio web utiliza Google Analytics, un servicio de an\u00e1lisis web proporcionado por Google Inc. (\u00abGoogle\u00bb). Google Analytics utiliza \u00abcookies\u00bb, es decir, archivos de texto que se almacenan en su computadora y permiten analizar su uso del sitio web. La informaci\u00f3n sobre su uso de este sitio web obtenida a trav\u00e9s de cookies (incluida su direcci\u00f3n IP) se transfiere y almacena en un servidor de Google en los EE. UU. Google utiliza esta informaci\u00f3n para analizar su uso del sitio web, para compilar informes sobre la actividad del sitio web para el operador del sitio web y para proporcionar servicios adicionales relacionados con el uso del sitio web y de Internet. Google tambi\u00e9n puede transferir esta informaci\u00f3n a terceros si as\u00ed lo prescribe la ley o si terceros procesan dichos datos en nombre de Google. Google no fusionar\u00e1 en ning\u00fan caso su direcci\u00f3n IP con otros datos de Google. Puede evitar la instalaci\u00f3n de cookies ajustando la configuraci\u00f3n de su navegador correspondientemente; sin embargo, tenga en cuenta que, en este caso, es posible que no pueda utilizar todas las funciones de este sitio web. Al utilizar nuestros sitios web, usted confirma que acepta el procesamiento de los datos sobre usted recopilados por Google de la manera antes mencionada y para el prop\u00f3sito antes mencionado. Tambi\u00e9n puede evitar que Google recopile los datos creados por las Cookies y en relaci\u00f3n con su uso del sitio web (incluida su direcci\u00f3n IP) y tambi\u00e9n puede evitar que Google procese dichos datos descargando e instalando el complemento del navegador disponible en el siguiente enlace: (http:\/\/tools.google.com\/dlpage\/gaoptout?hl=de). Puede evitar que Google Analytics recopile sus datos haciendo clic en el siguiente enlace. Esto establece una cookie de exclusi\u00f3n que impide la recopilaci\u00f3n futura de sus datos cuando visita este sitio web: Desactivar Google Analytics. Puede encontrar m\u00e1s informaci\u00f3n sobre los t\u00e9rminos de uso y la protecci\u00f3n de datos en http:\/\/www.google.com\/analytics\/terms\/de.html o en https:\/\/www.google.de\/intl\/de\/policies\/. Queremos se\u00f1alar que Google Analytics se ha ampliado para usar el c\u00f3digo \u00abgat._anonymizeIp();\u00bb para garantizar la recopilaci\u00f3n an\u00f3nima de direcciones IP (\u00abenmascaramiento de IP\u00bb).<\/p>\n<p>&nbsp;<\/p>\n<h5>9. Pedidos<\/h5>\n<p>Si ha recibido datos de acceso de nosotros para el sistema de pedidos BKP, puede realizar pedidos de nuestros productos a trav\u00e9s del sitio web. Recopilamos, almacenamos y usamos los datos personales que nos proporciona despu\u00e9s de iniciar sesi\u00f3n en su cuenta de cliente (por ejemplo, datos de contacto) exclusivamente con el fin de procesar su pedido. Si esto es necesario para enviar y entregar los productos que ha solicitado, sus datos de contacto y su direcci\u00f3n se transmitir\u00e1n a empresas de env\u00edo externas. Los datos se borrar\u00e1n despu\u00e9s de que se haya procesado el pedido y despu\u00e9s de que hayan expirado los per\u00edodos de retenci\u00f3n de las leyes fiscales y comerciales.<\/p>\n<p>&nbsp;<\/p>\n<h5>10. Modificaciones a esta pol\u00edtica de protecci\u00f3n de datos.<\/h5>\n<p>Actualizaremos estas pautas sobre la protecci\u00f3n de sus datos personales de vez en cuando. Debe consultar estas pautas de vez en cuando para mantenerse actualizado sobre c\u00f3mo protegemos sus datos y continuar mejorando el contenido de nuestro sitio web. Si realizamos cambios importantes en la forma en que recopilamos, usamos y\/o divulgamos los datos personales que nos ha proporcionado, lo haremos saber mediante un aviso claro y visible en el sitio web. Al usar el sitio web, usted acepta que est\u00e1 de acuerdo con esta pol\u00edtica de protecci\u00f3n de datos.<br \/>\nSi tiene alguna pregunta sobre esta pol\u00edtica de protecci\u00f3n de datos, comun\u00edquese con nuestro oficial de protecci\u00f3n de datos utilizando la p\u00e1gina de contacto o enviando un correo electr\u00f3nico a Datenschutzbeauftragter@mp-it-solution.de.<\/p>\n<p>&nbsp;<\/p>\n<p style=\"text-align: right;\"><em>Versi\u00f3n: Enero 2019<\/em><\/p>\n<p>[\/vc_column_text][\/vc_column][\/vc_row][vc_row css=\u00bb.vc_custom_1553673231086{margin-top: 50px !important;margin-bottom: 50px !important;}\u00bb][vc_column]<style type=\"text\/css\" data-type=\"the7_shortcodes-inline-css\">.dt-breadcrumbs-id-9e50ce2e88f1e70b8d61b22febb42939 .breadcrumbs {\n  display: inline-block;\n  margin: 0;\n  padding: 2px 10px 2px 10px;\n  background: #0099a1;\n  border: 0px solid ;\n  border-radius: 0px;\n}\n.dt-breadcrumbs-id-9e50ce2e88f1e70b8d61b22febb42939 .breadcrumbs * {\n  font-weight: bold;\n  color: #ffffff;\n}<\/style><div class=\"dt-breadcrumbs-shortcode dt-breadcrumbs-id-9e50ce2e88f1e70b8d61b22febb42939 align-right\"><div class=\"assistive-text\">Est\u00e1s aqu\u00ed:<\/div><ol class=\"breadcrumbs text-small\" itemscope itemtype=\"https:\/\/schema.org\/BreadcrumbList\"><li itemprop=\"itemListElement\" itemscope itemtype=\"https:\/\/schema.org\/ListItem\"><a itemprop=\"item\" href=\"https:\/\/bkp-berolina.de\/es\/\" title=\"Inicio\"><span itemprop=\"name\">Inicio<\/span><\/a><meta itemprop=\"position\" content=\"1\" \/><\/li><li class=\"current\" itemprop=\"itemListElement\" itemscope itemtype=\"https:\/\/schema.org\/ListItem\"><span itemprop=\"name\">P\u00e1gina<\/span><meta itemprop=\"position\" content=\"2\" \/><\/li><\/ol><\/div>[\/vc_column][\/vc_row]<\/p>\n<\/div>","protected":false},"excerpt":{"rendered":"<p>[vc_row css=\u00bb.vc_custom_1553181381923{margin-top: 50px !important;}\u00bb][vc_column][vc_column_text] Protecci\u00f3n de datos [\/vc_column_text][\/vc_column][\/vc_row][vc_row gap=\u00bb20&#8243; css=\u00bb.vc_custom_1553181423846{margin-top: 30px !important;}\u00bb][vc_column css=\u00bb.vc_custom_1553181466025{padding-top: 30px !important;padding-right: 30px !important;padding-bottom: 30px !important;padding-left: 30px !important;background-color: #f7f7f7 !important;}\u00bb][vc_column_text]La protecci\u00f3n de datos es una cuesti\u00f3n de confianza y su confianza es importante para nosotros. Respetamos su privacidad. La protecci\u00f3n y la recopilaci\u00f3n, el procesamiento y el uso legales de sus datos&hellip;<\/p>\n","protected":false},"author":1,"featured_media":0,"parent":0,"menu_order":0,"comment_status":"closed","ping_status":"closed","template":"","meta":{"footnotes":""},"class_list":["post-61662","page","type-page","status-publish","hentry","description-off"],"yoast_head":"<!-- This site is optimized with the Yoast SEO plugin v27.3 - https:\/\/yoast.com\/product\/yoast-seo-wordpress\/ -->\n<title>Protecci\u00f3n de datos - BKP Berolina Polyester GmbH &amp; Co. KG<\/title>\n<meta name=\"description\" content=\"La protecci\u00f3n de datos es una cuesti\u00f3n de confianza y su confianza es importante para nosotros.\" \/>\n<meta name=\"robots\" content=\"index, follow, max-snippet:-1, max-image-preview:large, max-video-preview:-1\" \/>\n<link rel=\"canonical\" href=\"https:\/\/bkp-berolina.de\/es\/proteccion-de-datos\/\" \/>\n<meta property=\"og:locale\" content=\"es_ES\" \/>\n<meta property=\"og:type\" content=\"article\" \/>\n<meta property=\"og:title\" content=\"Protecci\u00f3n de datos - BKP Berolina Polyester GmbH &amp; Co. KG\" \/>\n<meta property=\"og:description\" content=\"La protecci\u00f3n de datos es una cuesti\u00f3n de confianza y su confianza es importante para nosotros.\" \/>\n<meta property=\"og:url\" content=\"https:\/\/bkp-berolina.de\/es\/proteccion-de-datos\/\" \/>\n<meta property=\"og:site_name\" content=\"BKP Berolina Polyester GmbH &amp; Co. KG\" \/>\n<meta property=\"article:modified_time\" content=\"2021-03-25T09:57:04+00:00\" \/>\n<meta name=\"twitter:card\" content=\"summary_large_image\" \/>\n<meta name=\"twitter:label1\" content=\"Tiempo de lectura\" \/>\n\t<meta name=\"twitter:data1\" content=\"8 minutos\" \/>\n<script type=\"application\/ld+json\" class=\"yoast-schema-graph\">{\"@context\":\"https:\\\/\\\/schema.org\",\"@graph\":[{\"@type\":\"WebPage\",\"@id\":\"https:\\\/\\\/bkp-berolina.de\\\/es\\\/proteccion-de-datos\\\/\",\"url\":\"https:\\\/\\\/bkp-berolina.de\\\/es\\\/proteccion-de-datos\\\/\",\"name\":\"Protecci\u00f3n de datos - BKP Berolina Polyester GmbH &amp; Co. KG\",\"isPartOf\":{\"@id\":\"https:\\\/\\\/bkp-berolina.de\\\/es\\\/#website\"},\"datePublished\":\"2019-01-30T11:19:42+00:00\",\"dateModified\":\"2021-03-25T09:57:04+00:00\",\"description\":\"La protecci\u00f3n de datos es una cuesti\u00f3n de confianza y su confianza es importante para nosotros.\",\"breadcrumb\":{\"@id\":\"https:\\\/\\\/bkp-berolina.de\\\/es\\\/proteccion-de-datos\\\/#breadcrumb\"},\"inLanguage\":\"es\",\"potentialAction\":[{\"@type\":\"ReadAction\",\"target\":[\"https:\\\/\\\/bkp-berolina.de\\\/es\\\/proteccion-de-datos\\\/\"]}]},{\"@type\":\"BreadcrumbList\",\"@id\":\"https:\\\/\\\/bkp-berolina.de\\\/es\\\/proteccion-de-datos\\\/#breadcrumb\",\"itemListElement\":[{\"@type\":\"ListItem\",\"position\":1,\"name\":\"Startseite\",\"item\":\"https:\\\/\\\/bkp-berolina.de\\\/es\\\/\"},{\"@type\":\"ListItem\",\"position\":2,\"name\":\"Protecci\u00f3n de datos\"}]},{\"@type\":\"WebSite\",\"@id\":\"https:\\\/\\\/bkp-berolina.de\\\/es\\\/#website\",\"url\":\"https:\\\/\\\/bkp-berolina.de\\\/es\\\/\",\"name\":\"BKP Berolina Polyester GmbH &amp; Co. KG\",\"description\":\"\",\"potentialAction\":[{\"@type\":\"SearchAction\",\"target\":{\"@type\":\"EntryPoint\",\"urlTemplate\":\"https:\\\/\\\/bkp-berolina.de\\\/es\\\/?s={search_term_string}\"},\"query-input\":{\"@type\":\"PropertyValueSpecification\",\"valueRequired\":true,\"valueName\":\"search_term_string\"}}],\"inLanguage\":\"es\"}]}<\/script>\n<!-- \/ Yoast SEO plugin. -->","yoast_head_json":{"title":"Protecci\u00f3n de datos - BKP Berolina Polyester GmbH &amp; Co. KG","description":"La protecci\u00f3n de datos es una cuesti\u00f3n de confianza y su confianza es importante para nosotros.","robots":{"index":"index","follow":"follow","max-snippet":"max-snippet:-1","max-image-preview":"max-image-preview:large","max-video-preview":"max-video-preview:-1"},"canonical":"https:\/\/bkp-berolina.de\/es\/proteccion-de-datos\/","og_locale":"es_ES","og_type":"article","og_title":"Protecci\u00f3n de datos - BKP Berolina Polyester GmbH &amp; Co. KG","og_description":"La protecci\u00f3n de datos es una cuesti\u00f3n de confianza y su confianza es importante para nosotros.","og_url":"https:\/\/bkp-berolina.de\/es\/proteccion-de-datos\/","og_site_name":"BKP Berolina Polyester GmbH &amp; Co. KG","article_modified_time":"2021-03-25T09:57:04+00:00","twitter_card":"summary_large_image","twitter_misc":{"Tiempo de lectura":"8 minutos"},"schema":{"@context":"https:\/\/schema.org","@graph":[{"@type":"WebPage","@id":"https:\/\/bkp-berolina.de\/es\/proteccion-de-datos\/","url":"https:\/\/bkp-berolina.de\/es\/proteccion-de-datos\/","name":"Protecci\u00f3n de datos - BKP Berolina Polyester GmbH &amp; Co. KG","isPartOf":{"@id":"https:\/\/bkp-berolina.de\/es\/#website"},"datePublished":"2019-01-30T11:19:42+00:00","dateModified":"2021-03-25T09:57:04+00:00","description":"La protecci\u00f3n de datos es una cuesti\u00f3n de confianza y su confianza es importante para nosotros.","breadcrumb":{"@id":"https:\/\/bkp-berolina.de\/es\/proteccion-de-datos\/#breadcrumb"},"inLanguage":"es","potentialAction":[{"@type":"ReadAction","target":["https:\/\/bkp-berolina.de\/es\/proteccion-de-datos\/"]}]},{"@type":"BreadcrumbList","@id":"https:\/\/bkp-berolina.de\/es\/proteccion-de-datos\/#breadcrumb","itemListElement":[{"@type":"ListItem","position":1,"name":"Startseite","item":"https:\/\/bkp-berolina.de\/es\/"},{"@type":"ListItem","position":2,"name":"Protecci\u00f3n de datos"}]},{"@type":"WebSite","@id":"https:\/\/bkp-berolina.de\/es\/#website","url":"https:\/\/bkp-berolina.de\/es\/","name":"BKP Berolina Polyester GmbH &amp; Co. KG","description":"","potentialAction":[{"@type":"SearchAction","target":{"@type":"EntryPoint","urlTemplate":"https:\/\/bkp-berolina.de\/es\/?s={search_term_string}"},"query-input":{"@type":"PropertyValueSpecification","valueRequired":true,"valueName":"search_term_string"}}],"inLanguage":"es"}]}},"_links":{"self":[{"href":"https:\/\/bkp-berolina.de\/es\/wp-json\/wp\/v2\/pages\/61662","targetHints":{"allow":["GET"]}}],"collection":[{"href":"https:\/\/bkp-berolina.de\/es\/wp-json\/wp\/v2\/pages"}],"about":[{"href":"https:\/\/bkp-berolina.de\/es\/wp-json\/wp\/v2\/types\/page"}],"author":[{"embeddable":true,"href":"https:\/\/bkp-berolina.de\/es\/wp-json\/wp\/v2\/users\/1"}],"replies":[{"embeddable":true,"href":"https:\/\/bkp-berolina.de\/es\/wp-json\/wp\/v2\/comments?post=61662"}],"version-history":[{"count":4,"href":"https:\/\/bkp-berolina.de\/es\/wp-json\/wp\/v2\/pages\/61662\/revisions"}],"predecessor-version":[{"id":61752,"href":"https:\/\/bkp-berolina.de\/es\/wp-json\/wp\/v2\/pages\/61662\/revisions\/61752"}],"wp:attachment":[{"href":"https:\/\/bkp-berolina.de\/es\/wp-json\/wp\/v2\/media?parent=61662"}],"curies":[{"name":"wp","href":"https:\/\/api.w.org\/{rel}","templated":true}]}}