{"id":61663,"date":"2019-01-30T11:19:16","date_gmt":"2019-01-30T11:19:16","guid":{"rendered":"http:\/\/bkp-berolina.de\/impressum\/"},"modified":"2026-04-02T13:19:15","modified_gmt":"2026-04-02T13:19:15","slug":"aviso-legal","status":"publish","type":"page","link":"https:\/\/bkp-berolina.de\/es\/aviso-legal\/","title":{"rendered":"Aviso legal"},"content":{"rendered":"<div class=\"wpb-content-wrapper\"><p>[vc_row css=\u00bb.vc_custom_1553181058731{margin-top: 50px !important;}\u00bb][vc_column][vc_column_text]<\/p>\n<h2>Impressum<\/h2>\n<p>[\/vc_column_text][\/vc_column][\/vc_row][vc_row gap=\u00bb20&#8243; equal_height=\u00bbyes\u00bb css=\u00bb.vc_custom_1553672518622{margin-top: 30px !important;}\u00bb][vc_column width=\u00bb1\/3&#8243; css=\u00bb.vc_custom_1553181164938{padding-top: 30px !important;padding-right: 30px !important;padding-bottom: 30px !important;padding-left: 30px !important;background-color: #f7f7f7 !important;}\u00bb]<div id=\"ultimate-heading-651469e52656a59c9\" class=\"uvc-heading ult-adjust-bottom-margin ultimate-heading-651469e52656a59c9 uvc-5412 \" data-hspacer=\"line_only\"  data-halign=\"center\" style=\"text-align:center\"><div class=\"uvc-main-heading ult-responsive\"  data-ultimate-target='.uvc-heading.ultimate-heading-651469e52656a59c9 h2'  data-responsive-json-new='{\"font-size\":\"desktop:22px;\",\"line-height\":\"desktop:32px;\"}' ><h2 style=\"font-weight:bold;margin-top:20px;margin-bottom:5px;\">Responsable del sitio web<\/h2><\/div><div class=\"uvc-heading-spacer line_only\" style=\"margin-bottom:30px;height:3px;\"><span class=\"uvc-headings-line\" style=\"border-style:solid;border-bottom-width:3px;border-color:#0099a1;width:70px;\"><\/span><\/div><\/div>[vc_column_text css=\u00bb\u00bb]<strong>BKP Berolina Polyester GmbH &amp; Co. KG<\/strong><br \/>\n<strong>Heidering 28 \u2022 16727 Velten \u2022 Alemania<\/strong><\/p>\n<p><strong>Tel\u00e9fono:<\/strong> +49 (0)3304 \u2013 20 88-100<br \/>\n<strong>Fax:<\/strong> +49 (0)3304 \u2013 20 88-110<br \/>\n<strong>E-Mail:<\/strong> info@bkp-berolina.de<br \/>\n<strong>Website:<\/strong> www.bkp-berolina.de<\/p>\n<p><strong>Sede:<\/strong> Velten<br \/>\n<strong>Tribunal de distrito:<\/strong> Neuruppin \u2022 Registro comercial A 2332 NP<br \/>\n<strong>N\u00famero de IVA:<\/strong> DE 136649516<br \/>\n<strong>N\u00famero de identificaci\u00f3n fiscal:<\/strong> 053\/151\/03977 FA Oranienburg<\/p>\n<p><strong>Socio general:<\/strong><br \/>\nBKP Berolina Polyester Beteiligungs GmbH \u2022 Thomas Christiansen<\/p>\n<p><strong>BKP Berolina Polyester GmbH &amp; Co. KG es una empresa especializada de acuerdo con \u00a7 19 L de la Ley Federal del Agua (WHG) certificada de acuerdo con DIN EN ISO 9001: 2015<\/strong>[\/vc_column_text][\/vc_column][vc_column width=\u00bb2\/3&#8243; css=\u00bb.vc_custom_1553181188637{padding-top: 30px !important;padding-right: 30px !important;padding-bottom: 30px !important;padding-left: 30px !important;background-color: #f7f7f7 !important;}\u00bb]<div id=\"ultimate-heading-199569e52656a5a40\" class=\"uvc-heading ult-adjust-bottom-margin ultimate-heading-199569e52656a5a40 uvc-4326 \" data-hspacer=\"line_only\"  data-halign=\"center\" style=\"text-align:center\"><div class=\"uvc-main-heading ult-responsive\"  data-ultimate-target='.uvc-heading.ultimate-heading-199569e52656a5a40 h2'  data-responsive-json-new='{\"font-size\":\"desktop:22px;\",\"line-height\":\"desktop:32px;\"}' ><h2 style=\"font-weight:bold;margin-top:20px;margin-bottom:5px;\">Descargo de responsabilidad<\/h2><\/div><div class=\"uvc-heading-spacer line_only\" style=\"margin-bottom:30px;height:3px;\"><span class=\"uvc-headings-line\" style=\"border-style:solid;border-bottom-width:3px;border-color:#0099a1;width:70px;\"><\/span><\/div><\/div>[vc_column_text]<strong>1. Actualizaciones \/ responsabilidad<\/strong><\/p>\n<p>Nos esforzamos por garantizar que toda la informaci\u00f3n contenida en nuestro sitio web sea correcta y est\u00e9 actualizada. Sin embargo, queda excluida cualquier responsabilidad o garant\u00eda de que la informaci\u00f3n y los datos proporcionados est\u00e9n actualizados, sean correctos y completos. No se asume ninguna responsabilidad por p\u00e9rdidas que resulten del uso de la informaci\u00f3n consultada.<\/p>\n<p>Nos reservamos el derecho de modificar o complementar la informaci\u00f3n o los datos sin previo aviso.<\/p>\n<p><strong>2. Enlaces<\/strong><\/p>\n<p>Hemos colocado enlaces a otros sitios web en nuestro sitio web. Lo siguiente se aplica a todos estos enlaces: Queremos subrayar que no tenemos ninguna influencia en el dise\u00f1o y el contenido de los sitios web vinculados. No somos responsables del contenido de los sitios web a los que se accede mediante un enlace electr\u00f3nico. Si tal contenido infringe los derechos de terceros, nos distanciamos expresamente del contenido de estos sitios web.<\/p>\n<p>Esta declaraci\u00f3n se aplica a todos los enlaces en www.bkp-berolina.com y a todo el contenido de los sitios web vinculados.<\/p>\n<p><strong>3. Derechos de autor<\/strong><\/p>\n<p>El dise\u00f1o de la p\u00e1gina de inicio, los gr\u00e1ficos utilizados y el conjunto de contribuciones est\u00e1n protegidos por derechos de autor. Las p\u00e1ginas solo se pueden reproducir con nuestro acuerdo, no se pueden realizar enmiendas y las reproducciones no se pueden distribuir ni utilizar para reproducciones p\u00fablicas. Se requiere nuestro acuerdo previo para la reproducci\u00f3n de informaci\u00f3n o datos, particularmente el uso de textos, partes de textos o im\u00e1genes.[\/vc_column_text][\/vc_column][\/vc_row][vc_row css=\u00bb.vc_custom_1553181334512{margin-top: 50px !important;margin-bottom: 50px !important;}\u00bb][vc_column]<style type=\"text\/css\" data-type=\"the7_shortcodes-inline-css\">.dt-breadcrumbs-id-9e50ce2e88f1e70b8d61b22febb42939 .breadcrumbs {\n  display: inline-block;\n  margin: 0;\n  padding: 2px 10px 2px 10px;\n  background: #0099a1;\n  border: 0px solid ;\n  border-radius: 0px;\n}\n.dt-breadcrumbs-id-9e50ce2e88f1e70b8d61b22febb42939 .breadcrumbs * {\n  font-weight: bold;\n  color: #ffffff;\n}<\/style><div class=\"dt-breadcrumbs-shortcode dt-breadcrumbs-id-9e50ce2e88f1e70b8d61b22febb42939 align-right\"><div class=\"assistive-text\">Est\u00e1s aqu\u00ed:<\/div><ol class=\"breadcrumbs text-small\" itemscope itemtype=\"https:\/\/schema.org\/BreadcrumbList\"><li itemprop=\"itemListElement\" itemscope itemtype=\"https:\/\/schema.org\/ListItem\"><a itemprop=\"item\" href=\"https:\/\/bkp-berolina.de\/es\/\" title=\"Inicio\"><span itemprop=\"name\">Inicio<\/span><\/a><meta itemprop=\"position\" content=\"1\" \/><\/li><li class=\"current\" itemprop=\"itemListElement\" itemscope itemtype=\"https:\/\/schema.org\/ListItem\"><span itemprop=\"name\">P\u00e1gina<\/span><meta itemprop=\"position\" content=\"2\" \/><\/li><\/ol><\/div>[\/vc_column][\/vc_row]<\/p>\n<\/div>","protected":false},"excerpt":{"rendered":"<p>[vc_row css=\u00bb.vc_custom_1553181058731{margin-top: 50px !important;}\u00bb][vc_column][vc_column_text] Impressum [\/vc_column_text][\/vc_column][\/vc_row][vc_row gap=\u00bb20&#8243; equal_height=\u00bbyes\u00bb css=\u00bb.vc_custom_1553672518622{margin-top: 30px !important;}\u00bb][vc_column width=\u00bb1\/3&#8243; css=\u00bb.vc_custom_1553181164938{padding-top: 30px !important;padding-right: 30px !important;padding-bottom: 30px !important;padding-left: 30px !important;background-color: #f7f7f7 !important;}\u00bb][vc_column_text css=\u00bb\u00bb]BKP Berolina Polyester GmbH &amp; Co. KG Heidering 28 \u2022 16727 Velten \u2022 Alemania Tel\u00e9fono: +49 (0)3304 \u2013 20 88-100 Fax: +49 (0)3304 \u2013 20 88-110 E-Mail: info@bkp-berolina.de Website: www.bkp-berolina.de Sede: Velten&hellip;<\/p>\n","protected":false},"author":1,"featured_media":0,"parent":0,"menu_order":0,"comment_status":"closed","ping_status":"closed","template":"","meta":{"footnotes":""},"class_list":["post-61663","page","type-page","status-publish","hentry","description-off"],"yoast_head":"<!-- This site is optimized with the Yoast SEO plugin v27.4 - https:\/\/yoast.com\/product\/yoast-seo-wordpress\/ -->\n<title>Aviso legal - BKP Berolina Polyester GmbH &amp; Co. KG<\/title>\n<meta name=\"description\" content=\"El aviso legal de BKP Berolina Polyester GmbH &amp; Co. KG\" \/>\n<meta name=\"robots\" content=\"index, follow, max-snippet:-1, max-image-preview:large, max-video-preview:-1\" \/>\n<link rel=\"canonical\" href=\"https:\/\/bkp-berolina.de\/es\/aviso-legal\/\" \/>\n<meta property=\"og:locale\" content=\"es_ES\" \/>\n<meta property=\"og:type\" content=\"article\" \/>\n<meta property=\"og:title\" content=\"Aviso legal - BKP Berolina Polyester GmbH &amp; Co. KG\" \/>\n<meta property=\"og:description\" content=\"El aviso legal de BKP Berolina Polyester GmbH &amp; Co. KG\" \/>\n<meta property=\"og:url\" content=\"https:\/\/bkp-berolina.de\/es\/aviso-legal\/\" \/>\n<meta property=\"og:site_name\" content=\"BKP Berolina Polyester GmbH &amp; Co. KG\" \/>\n<meta property=\"article:modified_time\" content=\"2026-04-02T13:19:15+00:00\" \/>\n<meta name=\"twitter:card\" content=\"summary_large_image\" \/>\n<meta name=\"twitter:label1\" content=\"Tiempo de lectura\" \/>\n\t<meta name=\"twitter:data1\" content=\"3 minutos\" \/>\n<script type=\"application\/ld+json\" class=\"yoast-schema-graph\">{\"@context\":\"https:\\\/\\\/schema.org\",\"@graph\":[{\"@type\":\"WebPage\",\"@id\":\"https:\\\/\\\/bkp-berolina.de\\\/es\\\/aviso-legal\\\/\",\"url\":\"https:\\\/\\\/bkp-berolina.de\\\/es\\\/aviso-legal\\\/\",\"name\":\"Aviso legal - BKP Berolina Polyester GmbH &amp; Co. KG\",\"isPartOf\":{\"@id\":\"https:\\\/\\\/bkp-berolina.de\\\/es\\\/#website\"},\"datePublished\":\"2019-01-30T11:19:16+00:00\",\"dateModified\":\"2026-04-02T13:19:15+00:00\",\"description\":\"El aviso legal de BKP Berolina Polyester GmbH & Co. KG\",\"breadcrumb\":{\"@id\":\"https:\\\/\\\/bkp-berolina.de\\\/es\\\/aviso-legal\\\/#breadcrumb\"},\"inLanguage\":\"es\",\"potentialAction\":[{\"@type\":\"ReadAction\",\"target\":[\"https:\\\/\\\/bkp-berolina.de\\\/es\\\/aviso-legal\\\/\"]}]},{\"@type\":\"BreadcrumbList\",\"@id\":\"https:\\\/\\\/bkp-berolina.de\\\/es\\\/aviso-legal\\\/#breadcrumb\",\"itemListElement\":[{\"@type\":\"ListItem\",\"position\":1,\"name\":\"Startseite\",\"item\":\"https:\\\/\\\/bkp-berolina.de\\\/es\\\/\"},{\"@type\":\"ListItem\",\"position\":2,\"name\":\"Aviso legal\"}]},{\"@type\":\"WebSite\",\"@id\":\"https:\\\/\\\/bkp-berolina.de\\\/es\\\/#website\",\"url\":\"https:\\\/\\\/bkp-berolina.de\\\/es\\\/\",\"name\":\"BKP Berolina Polyester GmbH &amp; Co. KG\",\"description\":\"\",\"potentialAction\":[{\"@type\":\"SearchAction\",\"target\":{\"@type\":\"EntryPoint\",\"urlTemplate\":\"https:\\\/\\\/bkp-berolina.de\\\/es\\\/?s={search_term_string}\"},\"query-input\":{\"@type\":\"PropertyValueSpecification\",\"valueRequired\":true,\"valueName\":\"search_term_string\"}}],\"inLanguage\":\"es\"}]}<\/script>\n<!-- \/ Yoast SEO plugin. -->","yoast_head_json":{"title":"Aviso legal - BKP Berolina Polyester GmbH &amp; Co. KG","description":"El aviso legal de BKP Berolina Polyester GmbH & Co. KG","robots":{"index":"index","follow":"follow","max-snippet":"max-snippet:-1","max-image-preview":"max-image-preview:large","max-video-preview":"max-video-preview:-1"},"canonical":"https:\/\/bkp-berolina.de\/es\/aviso-legal\/","og_locale":"es_ES","og_type":"article","og_title":"Aviso legal - BKP Berolina Polyester GmbH &amp; Co. KG","og_description":"El aviso legal de BKP Berolina Polyester GmbH & Co. KG","og_url":"https:\/\/bkp-berolina.de\/es\/aviso-legal\/","og_site_name":"BKP Berolina Polyester GmbH &amp; Co. KG","article_modified_time":"2026-04-02T13:19:15+00:00","twitter_card":"summary_large_image","twitter_misc":{"Tiempo de lectura":"3 minutos"},"schema":{"@context":"https:\/\/schema.org","@graph":[{"@type":"WebPage","@id":"https:\/\/bkp-berolina.de\/es\/aviso-legal\/","url":"https:\/\/bkp-berolina.de\/es\/aviso-legal\/","name":"Aviso legal - BKP Berolina Polyester GmbH &amp; Co. KG","isPartOf":{"@id":"https:\/\/bkp-berolina.de\/es\/#website"},"datePublished":"2019-01-30T11:19:16+00:00","dateModified":"2026-04-02T13:19:15+00:00","description":"El aviso legal de BKP Berolina Polyester GmbH & Co. KG","breadcrumb":{"@id":"https:\/\/bkp-berolina.de\/es\/aviso-legal\/#breadcrumb"},"inLanguage":"es","potentialAction":[{"@type":"ReadAction","target":["https:\/\/bkp-berolina.de\/es\/aviso-legal\/"]}]},{"@type":"BreadcrumbList","@id":"https:\/\/bkp-berolina.de\/es\/aviso-legal\/#breadcrumb","itemListElement":[{"@type":"ListItem","position":1,"name":"Startseite","item":"https:\/\/bkp-berolina.de\/es\/"},{"@type":"ListItem","position":2,"name":"Aviso legal"}]},{"@type":"WebSite","@id":"https:\/\/bkp-berolina.de\/es\/#website","url":"https:\/\/bkp-berolina.de\/es\/","name":"BKP Berolina Polyester GmbH &amp; Co. KG","description":"","potentialAction":[{"@type":"SearchAction","target":{"@type":"EntryPoint","urlTemplate":"https:\/\/bkp-berolina.de\/es\/?s={search_term_string}"},"query-input":{"@type":"PropertyValueSpecification","valueRequired":true,"valueName":"search_term_string"}}],"inLanguage":"es"}]}},"_links":{"self":[{"href":"https:\/\/bkp-berolina.de\/es\/wp-json\/wp\/v2\/pages\/61663","targetHints":{"allow":["GET"]}}],"collection":[{"href":"https:\/\/bkp-berolina.de\/es\/wp-json\/wp\/v2\/pages"}],"about":[{"href":"https:\/\/bkp-berolina.de\/es\/wp-json\/wp\/v2\/types\/page"}],"author":[{"embeddable":true,"href":"https:\/\/bkp-berolina.de\/es\/wp-json\/wp\/v2\/users\/1"}],"replies":[{"embeddable":true,"href":"https:\/\/bkp-berolina.de\/es\/wp-json\/wp\/v2\/comments?post=61663"}],"version-history":[{"count":10,"href":"https:\/\/bkp-berolina.de\/es\/wp-json\/wp\/v2\/pages\/61663\/revisions"}],"predecessor-version":[{"id":67323,"href":"https:\/\/bkp-berolina.de\/es\/wp-json\/wp\/v2\/pages\/61663\/revisions\/67323"}],"wp:attachment":[{"href":"https:\/\/bkp-berolina.de\/es\/wp-json\/wp\/v2\/media?parent=61663"}],"curies":[{"name":"wp","href":"https:\/\/api.w.org\/{rel}","templated":true}]}}