{"id":61672,"date":"2014-04-23T16:14:38","date_gmt":"2014-04-23T16:14:38","guid":{"rendered":"http:\/\/bkp-berolina.de\/kontakt\/"},"modified":"2021-03-25T10:01:16","modified_gmt":"2021-03-25T10:01:16","slug":"contacto","status":"publish","type":"page","link":"https:\/\/bkp-berolina.de\/es\/contacto\/","title":{"rendered":"Contacto"},"content":{"rendered":"<div class=\"wpb-content-wrapper\"><p>[vc_row equal_height=\u00bbyes\u00bb content_placement=\u00bbmiddle\u00bb bg_type=\u00bbimage\u00bb parallax_style=\u00bbvcpb-vz-jquery\u00bb bg_image_new=\u00bbid^56948|url^http:\/\/bkp-berolina.de\/wp-content\/uploads\/2019\/02\/Standort-Velten.jpg|caption^null|alt^null|title^Standort Velten|description^null\u00bb bg_image_repeat=\u00bbno-repeat\u00bb bg_override=\u00bbex-full\u00bb enable_overlay=\u00bbenable_overlay_value\u00bb overlay_color=\u00bbrgba(7,59,76,0.9)\u00bb overlay_pattern=\u00bbtransperant\u00bb css=\u00bb.vc_custom_1552900399272{margin-top: 30px !important;padding-top: 80px !important;padding-bottom: 80px !important;}\u00bb][vc_column][vc_row_inner css=\u00bb.vc_custom_1553179988109{margin-top: 30px !important;}\u00bb][vc_column_inner]<div id=\"ultimate-heading-520269dffbc914c3e\" class=\"uvc-heading ult-adjust-bottom-margin ultimate-heading-520269dffbc914c3e uvc-5643 \" data-hspacer=\"line_with_icon\" data-hline_width=\"120\" data-hicon_type=\"custom\" data-hborder_style=\"solid\" data-hborder_height=\"3\" data-hborder_color=\"#0099a1\" data-icon_width=\"30\" data-hfixer=\"10\"  data-halign=\"center\" style=\"text-align:center\"><div class=\"uvc-main-heading ult-responsive\"  data-ultimate-target='.uvc-heading.ultimate-heading-520269dffbc914c3e h1'  data-responsive-json-new='{\"font-size\":\"desktop:54px;mobile_landscape:34px;\",\"line-height\":\"desktop:64px;mobile_landscape:44px;\"}' ><h1 style=\"font-weight:bold;color:#ffffff;\">Contacto<\/h1><\/div><div class=\"uvc-heading-spacer line_with_icon\" style=\"margin-bottom:30px;\"><div class=\"ult-just-icon-wrapper  \"><div class=\"align-icon\" style=\"text-align:center;\">\n<div class=\"aio-icon-img \" style=\"font-size:30px;display:inline-block;\" >\n\t<img decoding=\"async\" class=\"img-icon\" alt=\"null\" src=\"https:\/\/bkp-berolina.de\/wp-content\/uploads\/2019\/01\/Logo-Liner.png\"\/>\n<\/div><\/div><\/div><\/div><\/div>[\/vc_column_inner][\/vc_row_inner][vc_row_inner equal_height=\u00bbyes\u00bb gap=\u00bb20&#8243; css=\u00bb.vc_custom_1551267383636{padding-right: 25px !important;padding-left: 25px !important;}\u00bb][vc_column_inner width=\u00bb1\/3&#8243; css=\u00bb.vc_custom_1546956970677{border-top-width: 3px !important;border-right-width: 3px !important;border-bottom-width: 3px !important;border-left-width: 3px !important;padding-top: 30px !important;padding-right: 30px !important;padding-bottom: 30px !important;padding-left: 30px !important;border-left-color: #0099a1 !important;border-left-style: solid !important;border-right-color: #0099a1 !important;border-right-style: solid !important;border-top-color: #0099a1 !important;border-top-style: solid !important;border-bottom-color: #0099a1 !important;border-bottom-style: solid !important;}\u00bb][vc_single_image image=\u00bb60031&#8243; alignment=\u00bbcenter\u00bb style=\u00bbvc_box_shadow_border_circle_2&#8243; onclick=\u00bbcustom_link\u00bb css_animation=\u00bbfadeInDown\u00bb link=\u00bbhttps:\/\/bkp-berolina.de\/es\/contacto\/persona-de-contacto\/\u00bb]<div class=\"aio-icon-component  vc_custom_1578397306428  accent-icon-color accent-border-color style_1\"><div id=\"Info-box-wrap-3199\" class=\"aio-icon-box top-icon\" style=\"\"  ><div class=\"aio-icon-header\" ><a class=\"aio-icon-box-link\" href=\"https:\/\/bkp-berolina.de\/es\/contacto\/persona-de-contacto\/\" title=\"Ansprechpartner\" ><h3 class=\"aio-icon-title ult-responsive\"  data-ultimate-target='#Info-box-wrap-3199 .aio-icon-title'  data-responsive-json-new='{\"font-size\":\"desktop:26px;tablet:20px;mobile:24px;\",\"line-height\":\"desktop:36px;tablet:30px;mobile:34px;\"}'  style=\"font-weight:bold;color:#ffffff;\">Todos los contactos<\/h3><\/a><\/div> <!-- header --><div class=\"aio-icon-description ult-responsive\"  data-ultimate-target='#Info-box-wrap-3199 .aio-icon-description'  data-responsive-json-new='{\"font-size\":\"\",\"line-height\":\"\"}'  style=\"color:#ffffff;\">Aqu\u00ed encontrar\u00e1 a la persona de contacto adecuada en BKP para ayudarlo individualmente.<\/p>\n<p><a href=\"https:\/\/bkp-berolina.de\/es\/contacto\/persona-de-contacto\/\">M\u00e1s informaci\u00f3n<\/a><\/div> <!-- description --><\/div> <!-- aio-icon-box --><\/div> <!-- aio-icon-component --><div class=\"hr-thin style-line accent-border-color\" style=\"width: 60px;border-top-width: 3px;\"><\/div>[\/vc_column_inner][vc_column_inner width=\u00bb1\/3&#8243; css=\u00bb.vc_custom_1546961383334{padding-top: 30px !important;padding-right: 30px !important;padding-bottom: 30px !important;padding-left: 30px !important;background-color: #ffffff !important;}\u00bb][vc_single_image image=\u00bb58147&#8243; alignment=\u00bbcenter\u00bb style=\u00bbvc_box_shadow_border_circle_2&#8243; onclick=\u00bbcustom_link\u00bb css_animation=\u00bbfadeInDown\u00bb link=\u00bbhttps:\/\/bkp-berolina.de\/es\/contacto\/formulario-de-contacto-e-informacion\/\u00bb]<div class=\"aio-icon-component  vc_custom_1578397420282  accent-icon-color accent-border-color style_1\"><div id=\"Info-box-wrap-1740\" class=\"aio-icon-box top-icon\" style=\"\"  ><div class=\"aio-icon-header\" ><a class=\"aio-icon-box-link\" href=\"https:\/\/bkp-berolina.de\/es\/contacto\/formulario-de-contacto-e-informacion\/\" title=\"Kontaktformular &amp; -informationen\" ><h3 class=\"aio-icon-title ult-responsive\"  data-ultimate-target='#Info-box-wrap-1740 .aio-icon-title'  data-responsive-json-new='{\"font-size\":\"desktop:26px;tablet:20px;mobile:24px;\",\"line-height\":\"desktop:36px;tablet:30px;mobile:34px;\"}'  style=\"font-weight:bold;\">Formulario de contacto e informaci\u00f3n<\/h3><\/a><\/div> <!-- header --><div class=\"aio-icon-description ult-responsive\"  data-ultimate-target='#Info-box-wrap-1740 .aio-icon-description'  data-responsive-json-new='{\"font-size\":\"\",\"line-height\":\"\"}'  style=\"\">Puede utilizar nuestro formulario de contacto para formular preguntas o consultas y ver la informaci\u00f3n de contacto m\u00e1s importante.<\/p>\n<p><a href=\"https:\/\/bkp-berolina.de\/es\/contacto\/formulario-de-contacto-e-informacion\/\">M\u00e1s informaci\u00f3n<\/a><\/div> <!-- description --><\/div> <!-- aio-icon-box --><\/div> <!-- aio-icon-component --><div class=\"hr-thin style-line accent-border-color\" style=\"width: 60px;border-top-width: 3px;\"><\/div>[\/vc_column_inner][vc_column_inner width=\u00bb1\/3&#8243; css=\u00bb.vc_custom_1546960030766{border-top-width: 3px !important;border-right-width: 3px !important;border-bottom-width: 3px !important;border-left-width: 3px !important;padding-top: 30px !important;padding-right: 30px !important;padding-bottom: 30px !important;padding-left: 30px !important;border-left-color: #0099a1 !important;border-left-style: solid !important;border-right-color: #0099a1 !important;border-right-style: solid !important;border-top-color: #0099a1 !important;border-top-style: solid !important;border-bottom-color: #0099a1 !important;border-bottom-style: solid !important;}\u00bb][vc_single_image image=\u00bb57966&#8243; alignment=\u00bbcenter\u00bb style=\u00bbvc_box_shadow_border_circle_2&#8243; onclick=\u00bbcustom_link\u00bb css_animation=\u00bbfadeInDown\u00bb link=\u00bbhttps:\/\/bkp-berolina.de\/es\/contacto\/como-encontrarnos\/\u00bb]<div class=\"aio-icon-component  vc_custom_1578397578713  accent-icon-color accent-border-color style_1\"><div id=\"Info-box-wrap-7635\" class=\"aio-icon-box top-icon\" style=\"\"  ><div class=\"aio-icon-header\" ><a class=\"aio-icon-box-link\" href=\"https:\/\/bkp-berolina.de\/es\/contacto\/como-encontrarnos\/\" title=\"Anfahrt\" ><h3 class=\"aio-icon-title ult-responsive\"  data-ultimate-target='#Info-box-wrap-7635 .aio-icon-title'  data-responsive-json-new='{\"font-size\":\"desktop:26px;tablet:20px;\",\"line-height\":\"desktop:36px;tablet:30px;\"}'  style=\"font-weight:bold;color:#ffffff;\">C\u00f3mo llegar<\/h3><\/a><\/div> <!-- header --><div class=\"aio-icon-description ult-responsive\"  data-ultimate-target='#Info-box-wrap-7635 .aio-icon-description'  data-responsive-json-new='{\"font-size\":\"\",\"line-height\":\"\"}'  style=\"color:#ffffff;\">\u00bfCu\u00e1l es la ruta m\u00e1s r\u00e1pida para llegar a BKP en Velten?<\/p>\n<p><a href=\"https:\/\/bkp-berolina.de\/es\/contacto\/como-encontrarnos\/\">M\u00e1s informaci\u00f3n<\/a><\/div> <!-- description --><\/div> <!-- aio-icon-box --><\/div> <!-- aio-icon-component --><div class=\"hr-thin style-line accent-border-color\" style=\"width: 60px;border-top-width: 3px;\"><\/div>[\/vc_column_inner][\/vc_row_inner][vc_row_inner css=\u00bb.vc_custom_1553096282630{margin-top: 50px !important;margin-bottom: 80px !important;}\u00bb][vc_column_inner]<style type=\"text\/css\" data-type=\"the7_shortcodes-inline-css\">.dt-breadcrumbs-id-9e50ce2e88f1e70b8d61b22febb42939 .breadcrumbs {\n  display: inline-block;\n  margin: 0;\n  padding: 2px 10px 2px 10px;\n  background: #0099a1;\n  border: 0px solid ;\n  border-radius: 0px;\n}\n.dt-breadcrumbs-id-9e50ce2e88f1e70b8d61b22febb42939 .breadcrumbs * {\n  font-weight: bold;\n  color: #ffffff;\n}<\/style><div class=\"dt-breadcrumbs-shortcode dt-breadcrumbs-id-9e50ce2e88f1e70b8d61b22febb42939 align-right\"><div class=\"assistive-text\">Est\u00e1s aqu\u00ed:<\/div><ol class=\"breadcrumbs text-small\" itemscope itemtype=\"https:\/\/schema.org\/BreadcrumbList\"><li itemprop=\"itemListElement\" itemscope itemtype=\"https:\/\/schema.org\/ListItem\"><a itemprop=\"item\" href=\"https:\/\/bkp-berolina.de\/es\/\" title=\"Inicio\"><span itemprop=\"name\">Inicio<\/span><\/a><meta itemprop=\"position\" content=\"1\" \/><\/li><li class=\"current\" itemprop=\"itemListElement\" itemscope itemtype=\"https:\/\/schema.org\/ListItem\"><span itemprop=\"name\">P\u00e1gina<\/span><meta itemprop=\"position\" content=\"2\" \/><\/li><\/ol><\/div>[\/vc_column_inner][\/vc_row_inner][\/vc_column][\/vc_row]<\/p>\n<\/div>","protected":false},"excerpt":{"rendered":"<p>[vc_row equal_height=\u00bbyes\u00bb content_placement=\u00bbmiddle\u00bb bg_type=\u00bbimage\u00bb parallax_style=\u00bbvcpb-vz-jquery\u00bb bg_image_new=\u00bbid^56948|url^http:\/\/bkp-berolina.de\/wp-content\/uploads\/2019\/02\/Standort-Velten.jpg|caption^null|alt^null|title^Standort Velten|description^null\u00bb bg_image_repeat=\u00bbno-repeat\u00bb bg_override=\u00bbex-full\u00bb enable_overlay=\u00bbenable_overlay_value\u00bb overlay_color=\u00bbrgba(7,59,76,0.9)\u00bb overlay_pattern=\u00bbtransperant\u00bb css=\u00bb.vc_custom_1552900399272{margin-top: 30px !important;padding-top: 80px !important;padding-bottom: 80px !important;}\u00bb][vc_column][vc_row_inner css=\u00bb.vc_custom_1553179988109{margin-top: 30px !important;}\u00bb][vc_column_inner][\/vc_column_inner][\/vc_row_inner][vc_row_inner equal_height=\u00bbyes\u00bb gap=\u00bb20&#8243; css=\u00bb.vc_custom_1551267383636{padding-right: 25px !important;padding-left: 25px !important;}\u00bb][vc_column_inner width=\u00bb1\/3&#8243; css=\u00bb.vc_custom_1546956970677{border-top-width: 3px !important;border-right-width: 3px !important;border-bottom-width: 3px !important;border-left-width: 3px !important;padding-top: 30px !important;padding-right: 30px !important;padding-bottom: 30px !important;padding-left: 30px !important;border-left-color: #0099a1 !important;border-left-style: solid !important;border-right-color: #0099a1 !important;border-right-style: solid !important;border-top-color:&hellip;<\/p>\n","protected":false},"author":1,"featured_media":60036,"parent":0,"menu_order":70,"comment_status":"closed","ping_status":"closed","template":"","meta":{"footnotes":""},"class_list":["post-61672","page","type-page","status-publish","has-post-thumbnail","hentry","description-off"],"yoast_head":"<!-- This site is optimized with the Yoast SEO plugin v27.3 - https:\/\/yoast.com\/product\/yoast-seo-wordpress\/ -->\n<title>Contacto - BKP Berolina Polyester GmbH &amp; Co. KG<\/title>\n<meta name=\"robots\" content=\"index, follow, max-snippet:-1, max-image-preview:large, max-video-preview:-1\" \/>\n<link rel=\"canonical\" href=\"https:\/\/bkp-berolina.de\/es\/contacto\/\" \/>\n<meta property=\"og:locale\" content=\"es_ES\" \/>\n<meta property=\"og:type\" content=\"article\" \/>\n<meta property=\"og:title\" content=\"Contacto - BKP Berolina Polyester GmbH &amp; Co. KG\" \/>\n<meta property=\"og:description\" content=\"[vc_row equal_height=\u00bbyes\u00bb content_placement=\u00bbmiddle\u00bb bg_type=\u00bbimage\u00bb parallax_style=\u00bbvcpb-vz-jquery\u00bb bg_image_new=\u00bbid^56948|url^http:\/\/bkp-berolina.de\/wp-content\/uploads\/2019\/02\/Standort-Velten.jpg|caption^null|alt^null|title^Standort Velten|description^null\u00bb bg_image_repeat=\u00bbno-repeat\u00bb bg_override=\u00bbex-full\u00bb enable_overlay=\u00bbenable_overlay_value\u00bb overlay_color=\u00bbrgba(7,59,76,0.9)\u00bb overlay_pattern=\u00bbtransperant\u00bb css=\u00bb.vc_custom_1552900399272{margin-top: 30px !important;padding-top: 80px !important;padding-bottom: 80px !important;}\u00bb][vc_column][vc_row_inner css=\u00bb.vc_custom_1553179988109{margin-top: 30px !important;}\u00bb][vc_column_inner][\/vc_column_inner][\/vc_row_inner][vc_row_inner equal_height=\u00bbyes\u00bb gap=\u00bb20&#8243; css=\u00bb.vc_custom_1551267383636{padding-right: 25px !important;padding-left: 25px !important;}\u00bb][vc_column_inner width=\u00bb1\/3&#8243; css=\u00bb.vc_custom_1546956970677{border-top-width: 3px !important;border-right-width: 3px !important;border-bottom-width: 3px !important;border-left-width: 3px !important;padding-top: 30px !important;padding-right: 30px !important;padding-bottom: 30px !important;padding-left: 30px !important;border-left-color: #0099a1 !important;border-left-style: solid !important;border-right-color: #0099a1 !important;border-right-style: solid !important;border-top-color:&hellip;\" \/>\n<meta property=\"og:url\" content=\"https:\/\/bkp-berolina.de\/es\/contacto\/\" \/>\n<meta property=\"og:site_name\" content=\"BKP Berolina Polyester GmbH &amp; Co. KG\" \/>\n<meta property=\"article:modified_time\" content=\"2021-03-25T10:01:16+00:00\" \/>\n<meta property=\"og:image\" content=\"https:\/\/bkp-berolina.de\/wp-content\/uploads\/2019\/06\/Ansprechpartner-Kontakt.jpg\" \/>\n\t<meta property=\"og:image:width\" content=\"1000\" \/>\n\t<meta property=\"og:image:height\" content=\"1000\" \/>\n\t<meta property=\"og:image:type\" content=\"image\/jpeg\" \/>\n<meta name=\"twitter:card\" content=\"summary_large_image\" \/>\n<meta name=\"twitter:label1\" content=\"Tiempo de lectura\" \/>\n\t<meta name=\"twitter:data1\" content=\"4 minutos\" \/>\n<script type=\"application\/ld+json\" class=\"yoast-schema-graph\">{\"@context\":\"https:\\\/\\\/schema.org\",\"@graph\":[{\"@type\":\"WebPage\",\"@id\":\"https:\\\/\\\/bkp-berolina.de\\\/es\\\/contacto\\\/\",\"url\":\"https:\\\/\\\/bkp-berolina.de\\\/es\\\/contacto\\\/\",\"name\":\"Contacto - BKP Berolina Polyester GmbH &amp; Co. KG\",\"isPartOf\":{\"@id\":\"https:\\\/\\\/bkp-berolina.de\\\/es\\\/#website\"},\"primaryImageOfPage\":{\"@id\":\"https:\\\/\\\/bkp-berolina.de\\\/es\\\/contacto\\\/#primaryimage\"},\"image\":{\"@id\":\"https:\\\/\\\/bkp-berolina.de\\\/es\\\/contacto\\\/#primaryimage\"},\"thumbnailUrl\":\"https:\\\/\\\/bkp-berolina.de\\\/wp-content\\\/uploads\\\/2019\\\/06\\\/Ansprechpartner-Kontakt.jpg\",\"datePublished\":\"2014-04-23T16:14:38+00:00\",\"dateModified\":\"2021-03-25T10:01:16+00:00\",\"breadcrumb\":{\"@id\":\"https:\\\/\\\/bkp-berolina.de\\\/es\\\/contacto\\\/#breadcrumb\"},\"inLanguage\":\"es\",\"potentialAction\":[{\"@type\":\"ReadAction\",\"target\":[\"https:\\\/\\\/bkp-berolina.de\\\/es\\\/contacto\\\/\"]}]},{\"@type\":\"ImageObject\",\"inLanguage\":\"es\",\"@id\":\"https:\\\/\\\/bkp-berolina.de\\\/es\\\/contacto\\\/#primaryimage\",\"url\":\"https:\\\/\\\/bkp-berolina.de\\\/wp-content\\\/uploads\\\/2019\\\/06\\\/Ansprechpartner-Kontakt.jpg\",\"contentUrl\":\"https:\\\/\\\/bkp-berolina.de\\\/wp-content\\\/uploads\\\/2019\\\/06\\\/Ansprechpartner-Kontakt.jpg\",\"width\":1000,\"height\":1000,\"caption\":\"Ansprechpartner Kontakt\"},{\"@type\":\"BreadcrumbList\",\"@id\":\"https:\\\/\\\/bkp-berolina.de\\\/es\\\/contacto\\\/#breadcrumb\",\"itemListElement\":[{\"@type\":\"ListItem\",\"position\":1,\"name\":\"Startseite\",\"item\":\"https:\\\/\\\/bkp-berolina.de\\\/es\\\/\"},{\"@type\":\"ListItem\",\"position\":2,\"name\":\"Contacto\"}]},{\"@type\":\"WebSite\",\"@id\":\"https:\\\/\\\/bkp-berolina.de\\\/es\\\/#website\",\"url\":\"https:\\\/\\\/bkp-berolina.de\\\/es\\\/\",\"name\":\"BKP Berolina Polyester GmbH &amp; Co. KG\",\"description\":\"\",\"potentialAction\":[{\"@type\":\"SearchAction\",\"target\":{\"@type\":\"EntryPoint\",\"urlTemplate\":\"https:\\\/\\\/bkp-berolina.de\\\/es\\\/?s={search_term_string}\"},\"query-input\":{\"@type\":\"PropertyValueSpecification\",\"valueRequired\":true,\"valueName\":\"search_term_string\"}}],\"inLanguage\":\"es\"}]}<\/script>\n<!-- \/ Yoast SEO plugin. -->","yoast_head_json":{"title":"Contacto - BKP Berolina Polyester GmbH &amp; Co. KG","robots":{"index":"index","follow":"follow","max-snippet":"max-snippet:-1","max-image-preview":"max-image-preview:large","max-video-preview":"max-video-preview:-1"},"canonical":"https:\/\/bkp-berolina.de\/es\/contacto\/","og_locale":"es_ES","og_type":"article","og_title":"Contacto - BKP Berolina Polyester GmbH &amp; Co. KG","og_description":"[vc_row equal_height=\u00bbyes\u00bb content_placement=\u00bbmiddle\u00bb bg_type=\u00bbimage\u00bb parallax_style=\u00bbvcpb-vz-jquery\u00bb bg_image_new=\u00bbid^56948|url^http:\/\/bkp-berolina.de\/wp-content\/uploads\/2019\/02\/Standort-Velten.jpg|caption^null|alt^null|title^Standort Velten|description^null\u00bb bg_image_repeat=\u00bbno-repeat\u00bb bg_override=\u00bbex-full\u00bb enable_overlay=\u00bbenable_overlay_value\u00bb overlay_color=\u00bbrgba(7,59,76,0.9)\u00bb overlay_pattern=\u00bbtransperant\u00bb css=\u00bb.vc_custom_1552900399272{margin-top: 30px !important;padding-top: 80px !important;padding-bottom: 80px !important;}\u00bb][vc_column][vc_row_inner css=\u00bb.vc_custom_1553179988109{margin-top: 30px !important;}\u00bb][vc_column_inner][\/vc_column_inner][\/vc_row_inner][vc_row_inner equal_height=\u00bbyes\u00bb gap=\u00bb20&#8243; css=\u00bb.vc_custom_1551267383636{padding-right: 25px !important;padding-left: 25px !important;}\u00bb][vc_column_inner width=\u00bb1\/3&#8243; css=\u00bb.vc_custom_1546956970677{border-top-width: 3px !important;border-right-width: 3px !important;border-bottom-width: 3px !important;border-left-width: 3px !important;padding-top: 30px !important;padding-right: 30px !important;padding-bottom: 30px !important;padding-left: 30px !important;border-left-color: #0099a1 !important;border-left-style: solid !important;border-right-color: #0099a1 !important;border-right-style: solid !important;border-top-color:&hellip;","og_url":"https:\/\/bkp-berolina.de\/es\/contacto\/","og_site_name":"BKP Berolina Polyester GmbH &amp; Co. KG","article_modified_time":"2021-03-25T10:01:16+00:00","og_image":[{"width":1000,"height":1000,"url":"https:\/\/bkp-berolina.de\/wp-content\/uploads\/2019\/06\/Ansprechpartner-Kontakt.jpg","type":"image\/jpeg"}],"twitter_card":"summary_large_image","twitter_misc":{"Tiempo de lectura":"4 minutos"},"schema":{"@context":"https:\/\/schema.org","@graph":[{"@type":"WebPage","@id":"https:\/\/bkp-berolina.de\/es\/contacto\/","url":"https:\/\/bkp-berolina.de\/es\/contacto\/","name":"Contacto - BKP Berolina Polyester GmbH &amp; Co. KG","isPartOf":{"@id":"https:\/\/bkp-berolina.de\/es\/#website"},"primaryImageOfPage":{"@id":"https:\/\/bkp-berolina.de\/es\/contacto\/#primaryimage"},"image":{"@id":"https:\/\/bkp-berolina.de\/es\/contacto\/#primaryimage"},"thumbnailUrl":"https:\/\/bkp-berolina.de\/wp-content\/uploads\/2019\/06\/Ansprechpartner-Kontakt.jpg","datePublished":"2014-04-23T16:14:38+00:00","dateModified":"2021-03-25T10:01:16+00:00","breadcrumb":{"@id":"https:\/\/bkp-berolina.de\/es\/contacto\/#breadcrumb"},"inLanguage":"es","potentialAction":[{"@type":"ReadAction","target":["https:\/\/bkp-berolina.de\/es\/contacto\/"]}]},{"@type":"ImageObject","inLanguage":"es","@id":"https:\/\/bkp-berolina.de\/es\/contacto\/#primaryimage","url":"https:\/\/bkp-berolina.de\/wp-content\/uploads\/2019\/06\/Ansprechpartner-Kontakt.jpg","contentUrl":"https:\/\/bkp-berolina.de\/wp-content\/uploads\/2019\/06\/Ansprechpartner-Kontakt.jpg","width":1000,"height":1000,"caption":"Ansprechpartner Kontakt"},{"@type":"BreadcrumbList","@id":"https:\/\/bkp-berolina.de\/es\/contacto\/#breadcrumb","itemListElement":[{"@type":"ListItem","position":1,"name":"Startseite","item":"https:\/\/bkp-berolina.de\/es\/"},{"@type":"ListItem","position":2,"name":"Contacto"}]},{"@type":"WebSite","@id":"https:\/\/bkp-berolina.de\/es\/#website","url":"https:\/\/bkp-berolina.de\/es\/","name":"BKP Berolina Polyester GmbH &amp; Co. KG","description":"","potentialAction":[{"@type":"SearchAction","target":{"@type":"EntryPoint","urlTemplate":"https:\/\/bkp-berolina.de\/es\/?s={search_term_string}"},"query-input":{"@type":"PropertyValueSpecification","valueRequired":true,"valueName":"search_term_string"}}],"inLanguage":"es"}]}},"_links":{"self":[{"href":"https:\/\/bkp-berolina.de\/es\/wp-json\/wp\/v2\/pages\/61672","targetHints":{"allow":["GET"]}}],"collection":[{"href":"https:\/\/bkp-berolina.de\/es\/wp-json\/wp\/v2\/pages"}],"about":[{"href":"https:\/\/bkp-berolina.de\/es\/wp-json\/wp\/v2\/types\/page"}],"author":[{"embeddable":true,"href":"https:\/\/bkp-berolina.de\/es\/wp-json\/wp\/v2\/users\/1"}],"replies":[{"embeddable":true,"href":"https:\/\/bkp-berolina.de\/es\/wp-json\/wp\/v2\/comments?post=61672"}],"version-history":[{"count":6,"href":"https:\/\/bkp-berolina.de\/es\/wp-json\/wp\/v2\/pages\/61672\/revisions"}],"predecessor-version":[{"id":62010,"href":"https:\/\/bkp-berolina.de\/es\/wp-json\/wp\/v2\/pages\/61672\/revisions\/62010"}],"wp:featuredmedia":[{"embeddable":true,"href":"https:\/\/bkp-berolina.de\/es\/wp-json\/wp\/v2\/media\/60036"}],"wp:attachment":[{"href":"https:\/\/bkp-berolina.de\/es\/wp-json\/wp\/v2\/media?parent=61672"}],"curies":[{"name":"wp","href":"https:\/\/api.w.org\/{rel}","templated":true}]}}