{"id":61685,"date":"2019-01-18T11:25:01","date_gmt":"2019-01-18T11:25:01","guid":{"rendered":"http:\/\/bkp-berolina.de\/downloads\/externe-pruefberichte\/"},"modified":"2021-03-25T10:00:25","modified_gmt":"2021-03-25T10:00:25","slug":"informes-de-prueba-externos","status":"publish","type":"page","link":"https:\/\/bkp-berolina.de\/es\/descargas\/informes-de-prueba-externos\/","title":{"rendered":"Informes de prueba externos"},"content":{"rendered":"<div class=\"wpb-content-wrapper\"><p>[vc_row css=\u00bb.vc_custom_1553095998159{margin-top: 50px !important;}\u00bb][vc_column][vc_column_text]<\/p>\n<h2>Certificados externos<\/h2>\n<p>[\/vc_column_text][\/vc_column][\/vc_row][vc_row css=\u00bb.vc_custom_1553178818368{margin-top: 30px !important;}\u00bb][vc_column][vc_column_text]Adem\u00e1s de las pruebas e inspecciones internas, como parte de las numerosas <a href=\"http:\/\/bkp-berolina.de\/es\/descargas\/informes-de-prueba-externos\/\">homologaciones nacionales e internacionales<\/a>, la <strong>BKP Berolina<\/strong> tambi\u00e9n es <strong>supervisada por institutos externos<\/strong> y auditada regularmente.[\/vc_column_text][\/vc_column][\/vc_row][vc_row css=\u00bb.vc_custom_1553178825641{margin-top: 30px !important;}\u00bb][vc_column][vc_row_inner equal_height=\u00bbyes\u00bb gap=\u00bb20&#8243;][vc_column_inner width=\u00bb1\/4&#8243; css=\u00bb.vc_custom_1552050173308{padding-top: 30px !important;padding-right: 30px !important;padding-left: 30px !important;background-color: #f7f7f7 !important;}\u00bb][vc_single_image image=\u00bb57649&#8243; img_size=\u00bbfull\u00bb css=\u00bb.vc_custom_1587980958741{background-image: url(http:\/\/bkp-berolina.de\/wp-content\/uploads\/2019\/03\/Grundwasserhygienische-Pr\u00fcfung-Externe-Pr\u00fcfberichte.jpg?id=57649) !important;}\u00bb][vc_empty_space][vc_column_text]<strong>Grundwasserhygienische Pr\u00fcfung<\/strong> (2010, Alem\u00e1n)[\/vc_column_text][vc_empty_space]<div class=\"uavc-list-icon uavc-list-icon-wrapper ult-adjust-bottom-margin   \"><ul class=\"uavc-list\"><li><div class=\"uavc-list-content\" id=\"list-icon-wrap-9951\">\n<div class=\"uavc-list-icon  \" data-animation=\"\" data-animation-delay=\"03\" style=\"margin-right:10px;\"><div class=\"ult-just-icon-wrapper  \"><div class=\"align-icon\" style=\"text-align:center;\">\n<div class=\"aio-icon none \"  style=\"font-size:16px;display:inline-block;\">\n\t<i class=\"Defaults-file-pdf-o\"><\/i>\n<\/div><\/div><\/div>\n<\/div><span  data-ultimate-target='#list-icon-wrap-9951 .uavc-list-desc'  data-responsive-json-new='{\"font-size\":\"\",\"line-height\":\"\"}'  class=\"uavc-list-desc ult-responsive\" style=\"\"><a href=\"http:\/\/bkp-berolina.de\/wp-content\/uploads\/2019\/03\/Pruefbericht_HY_Grundwasserhyg_Sicht_2010-1.pdf\" target=\"_blank\" rel=\"noopener noreferrer\">Download<\/a><\/p>\n<p><\/span><\/div><\/li><\/ul><\/div>[\/vc_column_inner][vc_column_inner width=\u00bb1\/4&#8243; css=\u00bb.vc_custom_1552050180409{padding-top: 30px !important;padding-right: 30px !important;padding-left: 30px !important;background-color: #f7f7f7 !important;}\u00bb][vc_single_image image=\u00bb57655&#8243; img_size=\u00bbfull\u00bb css=\u00bb.vc_custom_1552049762299{background-image: url(http:\/\/bkp-berolina.de\/wp-content\/uploads\/2019\/03\/Grundwasserhygienische-Pr\u00fcfung-Externe-Pr\u00fcfberichte.jpg?id=57649) !important;}\u00bb][vc_empty_space][vc_column_text]<strong>Hochdruckreinigungspr\u00fcfungen gem\u00e4\u00df DIN 19523<\/strong> (2012, Alem\u00e1n)[\/vc_column_text][vc_empty_space]<div class=\"uavc-list-icon uavc-list-icon-wrapper ult-adjust-bottom-margin   \"><ul class=\"uavc-list\"><li><div class=\"uavc-list-content\" id=\"list-icon-wrap-4722\">\n<div class=\"uavc-list-icon  \" data-animation=\"\" data-animation-delay=\"03\" style=\"margin-right:10px;\"><div class=\"ult-just-icon-wrapper  \"><div class=\"align-icon\" style=\"text-align:center;\">\n<div class=\"aio-icon none \"  style=\"font-size:16px;display:inline-block;\">\n\t<i class=\"Defaults-file-pdf-o\"><\/i>\n<\/div><\/div><\/div>\n<\/div><span  data-ultimate-target='#list-icon-wrap-4722 .uavc-list-desc'  data-responsive-json-new='{\"font-size\":\"\",\"line-height\":\"\"}'  class=\"uavc-list-desc ult-responsive\" style=\"\"><a href=\"https:\/\/bkp-berolina.de\/wp-content\/uploads\/2019\/06\/2012-Hochdruckreinigungspruefungen.pdf\" target=\"_blank\" rel=\"noopener noreferrer\">Download<\/a><\/span><\/div><\/li><\/ul><\/div>[\/vc_column_inner][\/vc_row_inner][\/vc_column][\/vc_row][vc_row css=\u00bb.vc_custom_1553095882838{margin-top: 50px !important;margin-bottom: 50px !important;}\u00bb][vc_column]<style type=\"text\/css\" data-type=\"the7_shortcodes-inline-css\">.dt-breadcrumbs-id-9e50ce2e88f1e70b8d61b22febb42939 .breadcrumbs {\n  display: inline-block;\n  margin: 0;\n  padding: 2px 10px 2px 10px;\n  background: #0099a1;\n  border: 0px solid ;\n  border-radius: 0px;\n}\n.dt-breadcrumbs-id-9e50ce2e88f1e70b8d61b22febb42939 .breadcrumbs * {\n  font-weight: bold;\n  color: #ffffff;\n}<\/style><div class=\"dt-breadcrumbs-shortcode dt-breadcrumbs-id-9e50ce2e88f1e70b8d61b22febb42939 align-right\"><div class=\"assistive-text\">Est\u00e1s aqu\u00ed:<\/div><ol class=\"breadcrumbs text-small\" itemscope itemtype=\"https:\/\/schema.org\/BreadcrumbList\"><li itemprop=\"itemListElement\" itemscope itemtype=\"https:\/\/schema.org\/ListItem\"><a itemprop=\"item\" href=\"https:\/\/bkp-berolina.de\/es\/\" title=\"Inicio\"><span itemprop=\"name\">Inicio<\/span><\/a><meta itemprop=\"position\" content=\"1\" \/><\/li><li class=\"current\" itemprop=\"itemListElement\" itemscope itemtype=\"https:\/\/schema.org\/ListItem\"><span itemprop=\"name\">P\u00e1gina<\/span><meta itemprop=\"position\" content=\"2\" \/><\/li><\/ol><\/div>[\/vc_column][\/vc_row]<\/p>\n<\/div>","protected":false},"excerpt":{"rendered":"<p>[vc_row css=\u00bb.vc_custom_1553095998159{margin-top: 50px !important;}\u00bb][vc_column][vc_column_text] Certificados externos [\/vc_column_text][\/vc_column][\/vc_row][vc_row css=\u00bb.vc_custom_1553178818368{margin-top: 30px !important;}\u00bb][vc_column][vc_column_text]Adem\u00e1s de las pruebas e inspecciones internas, como parte de las numerosas homologaciones nacionales e internacionales, la BKP Berolina tambi\u00e9n es supervisada por institutos externos y auditada regularmente.[\/vc_column_text][\/vc_column][\/vc_row][vc_row css=\u00bb.vc_custom_1553178825641{margin-top: 30px !important;}\u00bb][vc_column][vc_row_inner equal_height=\u00bbyes\u00bb gap=\u00bb20&#8243;][vc_column_inner width=\u00bb1\/4&#8243; css=\u00bb.vc_custom_1552050173308{padding-top: 30px !important;padding-right: 30px !important;padding-left: 30px !important;background-color: #f7f7f7 !important;}\u00bb][vc_single_image image=\u00bb57649&#8243; img_size=\u00bbfull\u00bb css=\u00bb.vc_custom_1587980958741{background-image:&hellip;<\/p>\n","protected":false},"author":1,"featured_media":58103,"parent":61682,"menu_order":0,"comment_status":"closed","ping_status":"closed","template":"","meta":{"footnotes":""},"class_list":["post-61685","page","type-page","status-publish","has-post-thumbnail","hentry","description-off"],"yoast_head":"<!-- This site is optimized with the Yoast SEO plugin v27.5 - https:\/\/yoast.com\/product\/yoast-seo-wordpress\/ -->\n<title>Informes de prueba externos - BKP Berolina Polyester GmbH &amp; Co. KG<\/title>\n<meta name=\"robots\" content=\"index, follow, max-snippet:-1, max-image-preview:large, max-video-preview:-1\" \/>\n<link rel=\"canonical\" href=\"https:\/\/bkp-berolina.de\/es\/descargas\/informes-de-prueba-externos\/\" \/>\n<meta property=\"og:locale\" content=\"es_ES\" \/>\n<meta property=\"og:type\" content=\"article\" \/>\n<meta property=\"og:title\" content=\"Informes de prueba externos - BKP Berolina Polyester GmbH &amp; Co. KG\" \/>\n<meta property=\"og:description\" content=\"[vc_row css=\u00bb.vc_custom_1553095998159{margin-top: 50px !important;}\u00bb][vc_column][vc_column_text] Certificados externos [\/vc_column_text][\/vc_column][\/vc_row][vc_row css=\u00bb.vc_custom_1553178818368{margin-top: 30px !important;}\u00bb][vc_column][vc_column_text]Adem\u00e1s de las pruebas e inspecciones internas, como parte de las numerosas homologaciones nacionales e internacionales, la BKP Berolina tambi\u00e9n es supervisada por institutos externos y auditada regularmente.[\/vc_column_text][\/vc_column][\/vc_row][vc_row css=\u00bb.vc_custom_1553178825641{margin-top: 30px !important;}\u00bb][vc_column][vc_row_inner equal_height=\u00bbyes\u00bb gap=\u00bb20&#8243;][vc_column_inner width=\u00bb1\/4&#8243; css=\u00bb.vc_custom_1552050173308{padding-top: 30px !important;padding-right: 30px !important;padding-left: 30px !important;background-color: #f7f7f7 !important;}\u00bb][vc_single_image image=\u00bb57649&#8243; img_size=\u00bbfull\u00bb css=\u00bb.vc_custom_1587980958741{background-image:&hellip;\" \/>\n<meta property=\"og:url\" content=\"https:\/\/bkp-berolina.de\/es\/descargas\/informes-de-prueba-externos\/\" \/>\n<meta property=\"og:site_name\" content=\"BKP Berolina Polyester GmbH &amp; Co. KG\" \/>\n<meta property=\"article:modified_time\" content=\"2021-03-25T10:00:25+00:00\" \/>\n<meta property=\"og:image\" content=\"https:\/\/bkp-berolina.de\/wp-content\/uploads\/2019\/03\/Externe-Pr\u00fcfberichte-Downloads-1.jpg\" \/>\n\t<meta property=\"og:image:width\" content=\"900\" \/>\n\t<meta property=\"og:image:height\" content=\"900\" \/>\n\t<meta property=\"og:image:type\" content=\"image\/jpeg\" \/>\n<meta name=\"twitter:card\" content=\"summary_large_image\" \/>\n<meta name=\"twitter:label1\" content=\"Tiempo de lectura\" \/>\n\t<meta name=\"twitter:data1\" content=\"2 minutos\" \/>\n<script type=\"application\/ld+json\" class=\"yoast-schema-graph\">{\"@context\":\"https:\\\/\\\/schema.org\",\"@graph\":[{\"@type\":\"WebPage\",\"@id\":\"https:\\\/\\\/bkp-berolina.de\\\/es\\\/descargas\\\/informes-de-prueba-externos\\\/\",\"url\":\"https:\\\/\\\/bkp-berolina.de\\\/es\\\/descargas\\\/informes-de-prueba-externos\\\/\",\"name\":\"Informes de prueba externos - BKP Berolina Polyester GmbH &amp; Co. KG\",\"isPartOf\":{\"@id\":\"https:\\\/\\\/bkp-berolina.de\\\/es\\\/#website\"},\"primaryImageOfPage\":{\"@id\":\"https:\\\/\\\/bkp-berolina.de\\\/es\\\/descargas\\\/informes-de-prueba-externos\\\/#primaryimage\"},\"image\":{\"@id\":\"https:\\\/\\\/bkp-berolina.de\\\/es\\\/descargas\\\/informes-de-prueba-externos\\\/#primaryimage\"},\"thumbnailUrl\":\"https:\\\/\\\/bkp-berolina.de\\\/wp-content\\\/uploads\\\/2019\\\/03\\\/Externe-Pr\u00fcfberichte-Downloads-1.jpg\",\"datePublished\":\"2019-01-18T11:25:01+00:00\",\"dateModified\":\"2021-03-25T10:00:25+00:00\",\"breadcrumb\":{\"@id\":\"https:\\\/\\\/bkp-berolina.de\\\/es\\\/descargas\\\/informes-de-prueba-externos\\\/#breadcrumb\"},\"inLanguage\":\"es\",\"potentialAction\":[{\"@type\":\"ReadAction\",\"target\":[\"https:\\\/\\\/bkp-berolina.de\\\/es\\\/descargas\\\/informes-de-prueba-externos\\\/\"]}]},{\"@type\":\"ImageObject\",\"inLanguage\":\"es\",\"@id\":\"https:\\\/\\\/bkp-berolina.de\\\/es\\\/descargas\\\/informes-de-prueba-externos\\\/#primaryimage\",\"url\":\"https:\\\/\\\/bkp-berolina.de\\\/wp-content\\\/uploads\\\/2019\\\/03\\\/Externe-Pr\u00fcfberichte-Downloads-1.jpg\",\"contentUrl\":\"https:\\\/\\\/bkp-berolina.de\\\/wp-content\\\/uploads\\\/2019\\\/03\\\/Externe-Pr\u00fcfberichte-Downloads-1.jpg\",\"width\":900,\"height\":900},{\"@type\":\"BreadcrumbList\",\"@id\":\"https:\\\/\\\/bkp-berolina.de\\\/es\\\/descargas\\\/informes-de-prueba-externos\\\/#breadcrumb\",\"itemListElement\":[{\"@type\":\"ListItem\",\"position\":1,\"name\":\"Startseite\",\"item\":\"https:\\\/\\\/bkp-berolina.de\\\/es\\\/\"},{\"@type\":\"ListItem\",\"position\":2,\"name\":\"Descargas\",\"item\":\"https:\\\/\\\/bkp-berolina.de\\\/es\\\/descargas\\\/\"},{\"@type\":\"ListItem\",\"position\":3,\"name\":\"Informes de prueba externos\"}]},{\"@type\":\"WebSite\",\"@id\":\"https:\\\/\\\/bkp-berolina.de\\\/es\\\/#website\",\"url\":\"https:\\\/\\\/bkp-berolina.de\\\/es\\\/\",\"name\":\"BKP Berolina Polyester GmbH &amp; Co. KG\",\"description\":\"\",\"potentialAction\":[{\"@type\":\"SearchAction\",\"target\":{\"@type\":\"EntryPoint\",\"urlTemplate\":\"https:\\\/\\\/bkp-berolina.de\\\/es\\\/?s={search_term_string}\"},\"query-input\":{\"@type\":\"PropertyValueSpecification\",\"valueRequired\":true,\"valueName\":\"search_term_string\"}}],\"inLanguage\":\"es\"}]}<\/script>\n<!-- \/ Yoast SEO plugin. -->","yoast_head_json":{"title":"Informes de prueba externos - BKP Berolina Polyester GmbH &amp; Co. KG","robots":{"index":"index","follow":"follow","max-snippet":"max-snippet:-1","max-image-preview":"max-image-preview:large","max-video-preview":"max-video-preview:-1"},"canonical":"https:\/\/bkp-berolina.de\/es\/descargas\/informes-de-prueba-externos\/","og_locale":"es_ES","og_type":"article","og_title":"Informes de prueba externos - BKP Berolina Polyester GmbH &amp; Co. KG","og_description":"[vc_row css=\u00bb.vc_custom_1553095998159{margin-top: 50px !important;}\u00bb][vc_column][vc_column_text] Certificados externos [\/vc_column_text][\/vc_column][\/vc_row][vc_row css=\u00bb.vc_custom_1553178818368{margin-top: 30px !important;}\u00bb][vc_column][vc_column_text]Adem\u00e1s de las pruebas e inspecciones internas, como parte de las numerosas homologaciones nacionales e internacionales, la BKP Berolina tambi\u00e9n es supervisada por institutos externos y auditada regularmente.[\/vc_column_text][\/vc_column][\/vc_row][vc_row css=\u00bb.vc_custom_1553178825641{margin-top: 30px !important;}\u00bb][vc_column][vc_row_inner equal_height=\u00bbyes\u00bb gap=\u00bb20&#8243;][vc_column_inner width=\u00bb1\/4&#8243; css=\u00bb.vc_custom_1552050173308{padding-top: 30px !important;padding-right: 30px !important;padding-left: 30px !important;background-color: #f7f7f7 !important;}\u00bb][vc_single_image image=\u00bb57649&#8243; img_size=\u00bbfull\u00bb css=\u00bb.vc_custom_1587980958741{background-image:&hellip;","og_url":"https:\/\/bkp-berolina.de\/es\/descargas\/informes-de-prueba-externos\/","og_site_name":"BKP Berolina Polyester GmbH &amp; Co. KG","article_modified_time":"2021-03-25T10:00:25+00:00","og_image":[{"width":900,"height":900,"url":"https:\/\/bkp-berolina.de\/wp-content\/uploads\/2019\/03\/Externe-Pr\u00fcfberichte-Downloads-1.jpg","type":"image\/jpeg"}],"twitter_card":"summary_large_image","twitter_misc":{"Tiempo de lectura":"2 minutos"},"schema":{"@context":"https:\/\/schema.org","@graph":[{"@type":"WebPage","@id":"https:\/\/bkp-berolina.de\/es\/descargas\/informes-de-prueba-externos\/","url":"https:\/\/bkp-berolina.de\/es\/descargas\/informes-de-prueba-externos\/","name":"Informes de prueba externos - BKP Berolina Polyester GmbH &amp; Co. KG","isPartOf":{"@id":"https:\/\/bkp-berolina.de\/es\/#website"},"primaryImageOfPage":{"@id":"https:\/\/bkp-berolina.de\/es\/descargas\/informes-de-prueba-externos\/#primaryimage"},"image":{"@id":"https:\/\/bkp-berolina.de\/es\/descargas\/informes-de-prueba-externos\/#primaryimage"},"thumbnailUrl":"https:\/\/bkp-berolina.de\/wp-content\/uploads\/2019\/03\/Externe-Pr\u00fcfberichte-Downloads-1.jpg","datePublished":"2019-01-18T11:25:01+00:00","dateModified":"2021-03-25T10:00:25+00:00","breadcrumb":{"@id":"https:\/\/bkp-berolina.de\/es\/descargas\/informes-de-prueba-externos\/#breadcrumb"},"inLanguage":"es","potentialAction":[{"@type":"ReadAction","target":["https:\/\/bkp-berolina.de\/es\/descargas\/informes-de-prueba-externos\/"]}]},{"@type":"ImageObject","inLanguage":"es","@id":"https:\/\/bkp-berolina.de\/es\/descargas\/informes-de-prueba-externos\/#primaryimage","url":"https:\/\/bkp-berolina.de\/wp-content\/uploads\/2019\/03\/Externe-Pr\u00fcfberichte-Downloads-1.jpg","contentUrl":"https:\/\/bkp-berolina.de\/wp-content\/uploads\/2019\/03\/Externe-Pr\u00fcfberichte-Downloads-1.jpg","width":900,"height":900},{"@type":"BreadcrumbList","@id":"https:\/\/bkp-berolina.de\/es\/descargas\/informes-de-prueba-externos\/#breadcrumb","itemListElement":[{"@type":"ListItem","position":1,"name":"Startseite","item":"https:\/\/bkp-berolina.de\/es\/"},{"@type":"ListItem","position":2,"name":"Descargas","item":"https:\/\/bkp-berolina.de\/es\/descargas\/"},{"@type":"ListItem","position":3,"name":"Informes de prueba externos"}]},{"@type":"WebSite","@id":"https:\/\/bkp-berolina.de\/es\/#website","url":"https:\/\/bkp-berolina.de\/es\/","name":"BKP Berolina Polyester GmbH &amp; Co. KG","description":"","potentialAction":[{"@type":"SearchAction","target":{"@type":"EntryPoint","urlTemplate":"https:\/\/bkp-berolina.de\/es\/?s={search_term_string}"},"query-input":{"@type":"PropertyValueSpecification","valueRequired":true,"valueName":"search_term_string"}}],"inLanguage":"es"}]}},"_links":{"self":[{"href":"https:\/\/bkp-berolina.de\/es\/wp-json\/wp\/v2\/pages\/61685","targetHints":{"allow":["GET"]}}],"collection":[{"href":"https:\/\/bkp-berolina.de\/es\/wp-json\/wp\/v2\/pages"}],"about":[{"href":"https:\/\/bkp-berolina.de\/es\/wp-json\/wp\/v2\/types\/page"}],"author":[{"embeddable":true,"href":"https:\/\/bkp-berolina.de\/es\/wp-json\/wp\/v2\/users\/1"}],"replies":[{"embeddable":true,"href":"https:\/\/bkp-berolina.de\/es\/wp-json\/wp\/v2\/comments?post=61685"}],"version-history":[{"count":6,"href":"https:\/\/bkp-berolina.de\/es\/wp-json\/wp\/v2\/pages\/61685\/revisions"}],"predecessor-version":[{"id":62664,"href":"https:\/\/bkp-berolina.de\/es\/wp-json\/wp\/v2\/pages\/61685\/revisions\/62664"}],"up":[{"embeddable":true,"href":"https:\/\/bkp-berolina.de\/es\/wp-json\/wp\/v2\/pages\/61682"}],"wp:featuredmedia":[{"embeddable":true,"href":"https:\/\/bkp-berolina.de\/es\/wp-json\/wp\/v2\/media\/58103"}],"wp:attachment":[{"href":"https:\/\/bkp-berolina.de\/es\/wp-json\/wp\/v2\/media?parent=61685"}],"curies":[{"name":"wp","href":"https:\/\/api.w.org\/{rel}","templated":true}]}}